{"id":10,"date":"2024-01-12T13:06:06","date_gmt":"2024-01-12T12:06:06","guid":{"rendered":"http:\/\/education-medias-information.ac-nantes.fr\/aveloverslesjeux\/?page_id=10"},"modified":"2024-04-11T19:20:19","modified_gmt":"2024-04-11T17:20:19","slug":"mentions-legales","status":"publish","type":"page","link":"http:\/\/education-medias-information.ac-nantes.fr\/aveloverslesjeux\/?page_id=10","title":{"rendered":"Mentions l\u00e9gales"},"content":{"rendered":"\n<h5>Renseignements \u00e9ditoriaux<\/h5>\n\n\n\n<p>Vous \u00eates sur le blog support de la manifestation sportive \u00ab&nbsp;<strong>A v\u00e9lo vers les jeux<\/strong>&nbsp;\u00bb.<\/p>\n\n\n<table border=\"0\">\n<tbody>\n<tr>\n<td style=\"background-color: #f5f5f5; padding-left: 20px;\"><strong>RESPONSABLE \u00c9DITORIAL<\/strong><\/td>\n<\/tr>\n<tr>\n<td style=\"padding: 20px;\">\n<p style=\"margin: 0; margin-left: 10px;\"><strong>Direction des services d\u00e9partementaux de l&rsquo;\u00c9ducation nationale de la Mayenne<\/strong><\/p>\n<p style=\"margin: 0; margin-left: 20px; margin-top: 15px;\"><em>Cit\u00e9 Administrative<br \/>Rue Mac Donald<br \/>B.P. 23851<br \/>53030 Laval cedex 9<\/em><\/p>\n<\/td>\n<\/tr>\n<\/tbody>\n<\/table>\n<table border=\"0\">\n<tbody>\n<tr>\n<td style=\"background-color: #f5f5f5; padding-left: 20px;\"><strong>H\u00c9BERGEUR<\/strong><\/td>\n<\/tr>\n<tr>\n<td style=\"padding: 20px;\">\n<p style=\"margin: 0; margin-left: 10px;\"><strong>Rectorat de Nantes<\/strong><\/p>\n<p style=\"margin: 0; margin-left: 20px; margin-top: 15px;\"><em>4 rue de la Houssini\u00e8re<br \/>B.P. 72626<br \/>44326 Nantes Cedex 3 <\/em><\/p>\n<\/td>\n<\/tr>\n<\/tbody>\n<\/table>\n\n\n<h5>Pour nous contacter<\/h5>\n\n\n\n<p>Conform\u00e9ment \u00e0 l\u2019article 34 de la <strong>loi Informatique et Libert\u00e9s du 6 janvier 1978<\/strong>, vous disposez d\u2019un droit d\u2019acc\u00e8s aux informations vous concernant. Vous pouvez \u00e9galement demander la modification ou la suppression de ces informations.<\/p>\n\n\n\n<p>Il vous suffit d\u2019\u00e9crire \u00e0 l\u2019adresse suivante, \u00e0 l\u2019attention de :<\/p>\n\n\n<table border=\"0\">\n<tbody>\n<tr>\n<td style=\"background-color: #f5f5f5; padding-left: 20px;\"><strong>RESPONSABLE DU PROJET<\/strong><\/td>\n<\/tr>\n<tr>\n<td style=\"padding: 20px;\">\n<p style=\"margin: 0; margin-left: 10px;\"><strong>Yann Peschard<\/strong>, conseiller technique d\u00e9partemental \u00c9ducation physique et sportive du 1er degr\u00e9, DSDEN de la Mayenne<\/p>\n<p style=\"margin: 0; margin-left: 20px; margin-top: 15px;\"><em>Cit\u00e9 Administrative<br \/>Rue Mac Donald<br \/>B.P. 23851<br \/>53030 Laval cedex 9<\/em><\/p>\n<\/td>\n<\/tr>\n<\/tbody>\n<\/table>","protected":false},"excerpt":{"rendered":"<p>Renseignements \u00e9ditoriaux Vous \u00eates sur le blog support de la manifestation sportive \u00ab&nbsp;A v\u00e9lo vers les jeux&nbsp;\u00bb. RESPONSABLE \u00c9DITORIAL Direction des services d\u00e9partementaux de l&rsquo;\u00c9ducation nationale de la Mayenne Cit\u00e9 AdministrativeRue Mac DonaldB.P. 2385153030 Laval cedex 9 H\u00c9BERGEUR Rectorat de Nantes 4 rue de la Houssini\u00e8reB.P. 7262644326 Nantes Cedex 3 Pour nous contacter Conform\u00e9ment \u00e0 &hellip; <a href=\"http:\/\/education-medias-information.ac-nantes.fr\/aveloverslesjeux\/?page_id=10\" class=\"more-link\">Poursuivre la lecture<span class=\"screen-reader-text\"> \u00ab\u00a0Mentions l\u00e9gales\u00a0\u00bb<\/span><\/a><\/p>\n","protected":false},"author":1,"featured_media":0,"parent":0,"menu_order":0,"comment_status":"closed","ping_status":"closed","template":"page_custom-sidebar1.php","meta":{"cybocfi_hide_featured_image":""},"_links":{"self":[{"href":"http:\/\/education-medias-information.ac-nantes.fr\/aveloverslesjeux\/index.php?rest_route=\/wp\/v2\/pages\/10"}],"collection":[{"href":"http:\/\/education-medias-information.ac-nantes.fr\/aveloverslesjeux\/index.php?rest_route=\/wp\/v2\/pages"}],"about":[{"href":"http:\/\/education-medias-information.ac-nantes.fr\/aveloverslesjeux\/index.php?rest_route=\/wp\/v2\/types\/page"}],"author":[{"embeddable":true,"href":"http:\/\/education-medias-information.ac-nantes.fr\/aveloverslesjeux\/index.php?rest_route=\/wp\/v2\/users\/1"}],"replies":[{"embeddable":true,"href":"http:\/\/education-medias-information.ac-nantes.fr\/aveloverslesjeux\/index.php?rest_route=%2Fwp%2Fv2%2Fcomments&post=10"}],"version-history":[{"count":8,"href":"http:\/\/education-medias-information.ac-nantes.fr\/aveloverslesjeux\/index.php?rest_route=\/wp\/v2\/pages\/10\/revisions"}],"predecessor-version":[{"id":1082,"href":"http:\/\/education-medias-information.ac-nantes.fr\/aveloverslesjeux\/index.php?rest_route=\/wp\/v2\/pages\/10\/revisions\/1082"}],"wp:attachment":[{"href":"http:\/\/education-medias-information.ac-nantes.fr\/aveloverslesjeux\/index.php?rest_route=%2Fwp%2Fv2%2Fmedia&parent=10"}],"curies":[{"name":"wp","href":"https:\/\/api.w.org\/{rel}","templated":true}]}}