{"id":1004,"date":"2024-04-10T09:26:41","date_gmt":"2024-04-10T07:26:41","guid":{"rendered":"http:\/\/education-medias-information.ac-nantes.fr\/aveloverslesjeux\/?page_id=1004"},"modified":"2024-04-10T21:37:11","modified_gmt":"2024-04-10T19:37:11","slug":"calendrier-etapes","status":"publish","type":"page","link":"http:\/\/education-medias-information.ac-nantes.fr\/aveloverslesjeux\/?page_id=1004","title":{"rendered":"Calendrier des \u00e9tapes"},"content":{"rendered":"\n<h2 class=\"has-text-color\" style=\"text-transform:uppercase;color:#277183\"><span class=\"fas fa-calendar-alt\" style=\"margin-right:10px;color:rgba(1, 88, 109, 0.5);\"><\/span> mai 2024<\/h2>\n<div style=\"height:0px\" aria-hidden=\"true\" class=\"wp-block-spacer\"><\/div>\n<table class=\"calendrier\"><tbody>\n<tr><td class=\"calendrier-jour\"><p>13 mai 2024<\/p><\/td><td>\n<p><a href=\"http:\/\/education-medias-information.ac-nantes.fr\/aveloverslesjeux\/?page_id=66&num_etape=1\">\u00c9tape n\u00b0 01<\/a>, en direction de <b>Gorron<\/b>.<\/p>\n<p class=\"calendrier-departs\">D\u00e9part(s) : Fougerolles-du-plessis, D\u00e9sertines, Saint Mars-sur-la-Futaie, Montaudin, Ern\u00e9e, Saint-Denis-de-Gastines.<\/p>\n<\/td><\/tr>\n<tr><td class=\"calendrier-jour\"><p>14 mai 2024<\/p><\/td><td>\n<p><a href=\"http:\/\/education-medias-information.ac-nantes.fr\/aveloverslesjeux\/?page_id=231&num_etape=2\">\u00c9tape n\u00b0 02<\/a>, en direction de <b>Ambri\u00e8res-les-Vall\u00e9es<\/b>.<\/p>\n<p class=\"calendrier-departs\">D\u00e9part(s) : Gorron, Saint-Mars-sur-Colmont, La Haie Traversaine, Chantrign\u00e9, Oisseau.<\/p>\n<\/td><\/tr>\n<tr><td class=\"calendrier-jour\"><p>16 mai 2024<\/p><\/td><td>\n<p><a href=\"http:\/\/education-medias-information.ac-nantes.fr\/aveloverslesjeux\/?page_id=232&num_etape=3\">\u00c9tape n\u00b0 03<\/a>, en direction de <b>Lassay-les-Ch\u00e2teaux<\/b>.<\/p>\n<p class=\"calendrier-departs\">D\u00e9part(s) : Ambri\u00e8res-les-Vall\u00e9es.<\/p>\n<\/td><\/tr>\n<tr><td class=\"calendrier-jour\"><p>17 mai 2024<\/p><\/td><td>\n<p><a href=\"http:\/\/education-medias-information.ac-nantes.fr\/aveloverslesjeux\/?page_id=233&num_etape=4\">\u00c9tape n\u00b0 04<\/a>, en direction de <b>Javron-les-Chapelles\/Gesvres<\/b>.<\/p>\n<p class=\"calendrier-departs\">D\u00e9part(s) : Lassay-les-Ch\u00e2teaux, Neuilly-le-Vendin, Charchign\u00e9, Saint-Cyr-en-Pail, Saint-Pierre-des-Nids, Ravigny.<\/p>\n<\/td><\/tr>\n<tr><td class=\"calendrier-jour\"><p>21 mai 2024<\/p><\/td><td>\n<p><a href=\"http:\/\/education-medias-information.ac-nantes.fr\/aveloverslesjeux\/?page_id=234&num_etape=5\">\u00c9tape n\u00b0 05<\/a>, en direction de <b>Villaines-la-Juhel<\/b>.<\/p>\n<p class=\"calendrier-departs\">D\u00e9part(s) : Javron-les-Chapelles, Gesvres, Averton, Trans.<\/p>\n<p class=\"info-statut\"><span><i class=\"fas fa-info-circle\"><\/i> \u00c9tape annul\u00e9e pour cause de mauvais temps<\/span><\/p>\n<\/td><\/tr>\n<tr><td class=\"calendrier-jour\"><p>23 mai 2024<\/p><\/td><td>\n<p><a href=\"http:\/\/education-medias-information.ac-nantes.fr\/aveloverslesjeux\/?page_id=291&num_etape=6\">\u00c9tape n\u00b0 06<\/a>, en direction de <b>Marcill\u00e9-la-Ville<\/b>.<\/p>\n<p class=\"calendrier-departs\">D\u00e9part(s) : Villaines-la-Juhel, Bais, Loupfoug\u00e8res, La Chapelle-au-Riboul.<\/p>\n<\/td><\/tr>\n<tr><td class=\"calendrier-jour\"><p>24 mai 2024<\/p><\/td><td>\n<p><a href=\"http:\/\/education-medias-information.ac-nantes.fr\/aveloverslesjeux\/?page_id=292&num_etape=7\">\u00c9tape n\u00b0 07<\/a>, en direction de <b>Mayenne<\/b>.<\/p>\n<p class=\"calendrier-departs\">D\u00e9part(s) : Marcill\u00e9-la-Ville, Saint-Fraimbault-de-Pri\u00e8res, Aron, La-Chapelle-au-Riboul, La Bazoge-Montpin\u00e7on.<\/p>\n<\/td><\/tr>\n<tr><td class=\"calendrier-jour\"><p>27 mai 2024<\/p><\/td><td>\n<p><a href=\"http:\/\/education-medias-information.ac-nantes.fr\/aveloverslesjeux\/?page_id=293&num_etape=8\">\u00c9tape n\u00b0 08<\/a>, en direction de <b>Contest<\/b>.<\/p>\n<p class=\"calendrier-departs\">D\u00e9part(s) : Mayenne (J. Ferry), Mayenne (P. Eluard), Mayenne (L. Michel).<\/p>\n<\/td><\/tr>\n<tr><td class=\"calendrier-jour\"><p>28 mai 2024<\/p><\/td><td>\n<p><a href=\"http:\/\/education-medias-information.ac-nantes.fr\/aveloverslesjeux\/?page_id=294&num_etape=9\">\u00c9tape n\u00b0 09<\/a>, en direction de <b>Martign\u00e9-sur-Mayenne<\/b>.<\/p>\n<p class=\"calendrier-departs\">D\u00e9part(s) : Contest, Moulay.<\/p>\n<\/td><\/tr>\n<tr><td class=\"calendrier-jour\"><p>30 mai 2024<\/p><\/td><td>\n<p><a href=\"http:\/\/education-medias-information.ac-nantes.fr\/aveloverslesjeux\/?page_id=295&num_etape=10\">\u00c9tape n\u00b0 10<\/a>, en direction de <b>Ch\u00e2lons-du-Maine<\/b>.<\/p>\n<p class=\"calendrier-departs\">D\u00e9part(s) : Martign\u00e9-sur-Mayenne.<\/p>\n<\/td><\/tr>\n<tr><td class=\"calendrier-jour\"><p>31 mai 2024<\/p><\/td><td>\n<p><a href=\"http:\/\/education-medias-information.ac-nantes.fr\/aveloverslesjeux\/?page_id=319&num_etape=11\">\u00c9tape n\u00b0 11<\/a>, en direction de <b>Evron<\/b>.<\/p>\n<p class=\"calendrier-departs\">D\u00e9part(s) : Ch\u00e2lons-du-Maine, Voutr\u00e9, Sainte-Suzanne.<\/p>\n<\/td><\/tr>\n<\/tbody><\/table>\n<h2 class=\"has-text-color\" style=\"text-transform:uppercase;color:#277183\"><span class=\"fas fa-calendar-alt\" style=\"margin-right:10px;color:rgba(1, 88, 109, 0.5);\"><\/span> juin 2024<\/h2>\n<div style=\"height:0px\" aria-hidden=\"true\" class=\"wp-block-spacer\"><\/div>\n<table class=\"calendrier\"><tbody>\n<tr><td class=\"calendrier-jour\"><p>03 juin 2024<\/p><\/td><td>\n<p><a href=\"http:\/\/education-medias-information.ac-nantes.fr\/aveloverslesjeux\/?page_id=320&num_etape=12\">\u00c9tape n\u00b0 12<\/a>, en direction de <b>Vaiges<\/b>.<\/p>\n<p class=\"calendrier-departs\">D\u00e9part(s) : Evron les Petits Luatais, Saint-Georges-le-Fl\u00e9chard, Soulg\u00e9-sur-Ouette.<\/p>\n<\/td><\/tr>\n<tr><td class=\"calendrier-jour\"><p>04 juin 2024<\/p><\/td><td>\n<p><a href=\"http:\/\/education-medias-information.ac-nantes.fr\/aveloverslesjeux\/?page_id=322&num_etape=13\">\u00c9tape n\u00b0 13<\/a>, en direction de <b>Le Bignon-du-Maine<\/b>.<\/p>\n<p class=\"calendrier-departs\">D\u00e9part(s) : Vaiges, Bazougers, Ruill\u00e9-Froid-Fonds, Arquenay.<\/p>\n<\/td><\/tr>\n<tr><td class=\"calendrier-jour\"><p>06 juin 2024<\/p><\/td><td>\n<p><a href=\"http:\/\/education-medias-information.ac-nantes.fr\/aveloverslesjeux\/?page_id=321&num_etape=14\">\u00c9tape n\u00b0 14<\/a>, en direction de <b>Fromenti\u00e8res<\/b>.<\/p>\n<p class=\"calendrier-departs\">D\u00e9part(s) : Le Bignon-du-Maine, Ch\u00e2teau-Gontier (J. Pr\u00e9vert), Gennes-sur-Glaize, Coudray.<\/p>\n<\/td><\/tr>\n<tr><td class=\"calendrier-jour\"><p>07 juin 2024<\/p><\/td><td>\n<p><a href=\"http:\/\/education-medias-information.ac-nantes.fr\/aveloverslesjeux\/?page_id=323&num_etape=15\">\u00c9tape n\u00b0 15<\/a>, en direction de <b>Bazouges<\/b>.<\/p>\n<p class=\"calendrier-departs\">D\u00e9part(s) : Fromenti\u00e8res, Ch\u00e2teau-Gontier (J. de la Fontaine\/Y. Duteil), Ch\u00e2teau-Gontier (IME).<\/p>\n<\/td><\/tr>\n<tr><td class=\"calendrier-jour\"><p>10 juin 2024<\/p><\/td><td>\n<p><a href=\"http:\/\/education-medias-information.ac-nantes.fr\/aveloverslesjeux\/?page_id=329&num_etape=16\">\u00c9tape n\u00b0 16<\/a>, en direction de <b>Houssay<\/b>.<\/p>\n<p class=\"calendrier-departs\">D\u00e9part(s) : Ch\u00e2teau-Gontier (J. Gu\u00e9henno), Ch\u00e2teau-Gontier (IME), La Roche-Neuville.<\/p>\n<\/td><\/tr>\n<tr><td class=\"calendrier-jour\"><p>11 juin 2024<\/p><\/td><td>\n<p><a href=\"http:\/\/education-medias-information.ac-nantes.fr\/aveloverslesjeux\/?page_id=331&num_etape=17\">\u00c9tape n\u00b0 17<\/a>, en direction de <b>Cosmes<\/b>.<\/p>\n<p class=\"calendrier-departs\">D\u00e9part(s) : Houssay.<\/p>\n<\/td><\/tr>\n<tr><td class=\"calendrier-jour\"><p>13 juin 2024<\/p><\/td><td>\n<p><a href=\"http:\/\/education-medias-information.ac-nantes.fr\/aveloverslesjeux\/?page_id=332&num_etape=18\">\u00c9tape n\u00b0 18<\/a>, en direction de <b>Craon<\/b>.<\/p>\n<p class=\"calendrier-departs\">D\u00e9part(s) : Cosmes, Quelaines-Saint-Gault.<\/p>\n<\/td><\/tr>\n<tr><td class=\"calendrier-jour\"><p>14 juin 2024<\/p><\/td><td>\n<p><a href=\"http:\/\/education-medias-information.ac-nantes.fr\/aveloverslesjeux\/?page_id=333&num_etape=19\">\u00c9tape n\u00b0 19<\/a>, en direction de <b>Renaz\u00e9<\/b>.<\/p>\n<p class=\"calendrier-departs\">D\u00e9part(s) : Craon, Ch\u00e9ranc\u00e9.<\/p>\n<\/td><\/tr>\n<tr><td class=\"calendrier-jour\"><p>17 juin 2024<\/p><\/td><td>\n<p><a href=\"http:\/\/education-medias-information.ac-nantes.fr\/aveloverslesjeux\/?page_id=330&num_etape=20\">\u00c9tape n\u00b0 20<\/a>, en direction de <b>La Selle-Craonnaise<\/b>.<\/p>\n<p class=\"calendrier-departs\">D\u00e9part(s) : Renaz\u00e9.<\/p>\n<\/td><\/tr>\n<tr><td class=\"calendrier-jour\"><p>18 juin 2024<\/p><\/td><td>\n<p><a href=\"http:\/\/education-medias-information.ac-nantes.fr\/aveloverslesjeux\/?page_id=339&num_etape=21\">\u00c9tape n\u00b0 21<\/a>, en direction de <b>Coss\u00e9-le-Vivien<\/b>.<\/p>\n<p class=\"calendrier-departs\">D\u00e9part(s) : La Selle-Craonnaise, Montjean.<\/p>\n<\/td><\/tr>\n<tr><td class=\"calendrier-jour\"><p>20 juin 2024<\/p><\/td><td>\n<p><a href=\"http:\/\/education-medias-information.ac-nantes.fr\/aveloverslesjeux\/?page_id=340&num_etape=22\">\u00c9tape n\u00b0 22<\/a>, en direction de <b>Ruill\u00e9-le-Gravelais<\/b>.<\/p>\n<p class=\"calendrier-departs\">D\u00e9part(s) : Coss\u00e9-le-Vivien, Beaulieu-sur-Oudon.<\/p>\n<p class=\"info-statut\"><span><i class=\"fas fa-info-circle\"><\/i> \u00c9tape annul\u00e9e pour cause de mauvais temps<\/span><\/p>\n<\/td><\/tr>\n<tr><td class=\"calendrier-jour\"><p>21 juin 2024<\/p><\/td><td>\n<p><a href=\"http:\/\/education-medias-information.ac-nantes.fr\/aveloverslesjeux\/?page_id=341&num_etape=23\">\u00c9tape n\u00b0 23<\/a>, en direction de <b>Le Genest-Saint-Isle<\/b>.<\/p>\n<p class=\"calendrier-departs\">D\u00e9part(s) : Ruill\u00e9-le-Gravelais.<\/p>\n<\/td><\/tr>\n<tr><td class=\"calendrier-jour\"><p>24 juin 2024<\/p><\/td><td>\n<p><a href=\"http:\/\/education-medias-information.ac-nantes.fr\/aveloverslesjeux\/?page_id=342&num_etape=24\">\u00c9tape n\u00b0 24<\/a>, en direction de <b>La Baconni\u00e8re<\/b>.<\/p>\n<p class=\"calendrier-departs\">D\u00e9part(s) : Le Genest-Saint-Isle.<\/p>\n<\/td><\/tr>\n<tr><td class=\"calendrier-jour\"><p>25 juin 2024<\/p><\/td><td>\n<p><a href=\"http:\/\/education-medias-information.ac-nantes.fr\/aveloverslesjeux\/?page_id=343&num_etape=25\">\u00c9tape n\u00b0 25<\/a>, en direction de <b>Andouill\u00e9<\/b>.<\/p>\n<p class=\"calendrier-departs\">D\u00e9part(s) : La Baconni\u00e8re.<\/p>\n<\/td><\/tr>\n<tr><td class=\"calendrier-jour\"><p>27 juin 2024<\/p><\/td><td>\n<p><a href=\"http:\/\/education-medias-information.ac-nantes.fr\/aveloverslesjeux\/?page_id=344&num_etape=26\">\u00c9tape n\u00b0 26<\/a>, en direction de <b>Chang\u00e9<\/b>.<\/p>\n<p class=\"calendrier-departs\">D\u00e9part(s) : Andouill\u00e9, Saint-Jean-sur-Mayenne, Saint-Berthevin.<\/p>\n<\/td><\/tr>\n<tr><td class=\"calendrier-jour\"><p>28 juin 2024<\/p><\/td><td>\n<p><a href=\"http:\/\/education-medias-information.ac-nantes.fr\/aveloverslesjeux\/?page_id=345&num_etape=27\">\u00c9tape n\u00b0 27<\/a>, en direction de <b>Bonchamp-l\u00e8s-Laval<\/b>.<\/p>\n<p class=\"calendrier-departs\">D\u00e9part(s) : Chang\u00e9, Argentr\u00e9, Louvern\u00e9.<\/p>\n<\/td><\/tr>\n<\/tbody><\/table>\n<h2 class=\"has-text-color\" style=\"text-transform:uppercase;color:#277183\"><span class=\"fas fa-calendar-alt\" style=\"margin-right:10px;color:rgba(1, 88, 109, 0.5);\"><\/span> juillet 2024<\/h2>\n<div style=\"height:0px\" aria-hidden=\"true\" class=\"wp-block-spacer\"><\/div>\n<table class=\"calendrier\"><tbody>\n<tr><td class=\"calendrier-jour\"><p>01 juillet 2024<\/p><\/td><td>\n<p><a href=\"http:\/\/education-medias-information.ac-nantes.fr\/aveloverslesjeux\/?page_id=346&num_etape=28\">\u00c9tape n\u00b0 28<\/a>, en direction de <b>L'Huisserie<\/b>.<\/p>\n<p class=\"calendrier-departs\">D\u00e9part(s) : Bonchamp-l\u00e8s-Laval, Entrammes, Nuill\u00e9-sur-Vicoin.<\/p>\n<\/td><\/tr>\n<tr><td class=\"calendrier-jour\"><p>02 juillet 2024<\/p><\/td><td>\n<p><a href=\"http:\/\/education-medias-information.ac-nantes.fr\/aveloverslesjeux\/?page_id=347&num_etape=29\">\u00c9tape n\u00b0 29<\/a>, en direction de <b>Laval (Espace Mayenne)<\/b>.<\/p>\n<p class=\"calendrier-departs\">D\u00e9part(s) : L'Huisserie, Laval (F. Dolto), Laval (C. Perrault), Saint-Ou\u00ebn-des-Toits, Laval (IME), Laval (Hilard), Ahuill\u00e9.<\/p>\n<\/td><\/tr>\n<\/tbody><\/table>\n<div style=\"height:30px\" aria-hidden=\"true\" class=\"wp-block-spacer\"><\/div>\n\n\n\n\n<div class=\"wp-block-columns navigation\">\n  <div class=\"wp-block-column\"><a href=\"http:\/\/education-medias-information.ac-nantes.fr\/aveloverslesjeux\/\"><div class=\"navigation-icon transparence-over\" style=\"background-color:#01586D;\"><span class=\"fas fa-map\" style=\"margin-right:8px;\"><\/span>Cartes des arriv\u00e9es d'\u00e9tapes<\/div><\/a><\/div>\n  <div class=\"wp-block-column\"><a href=\"http:\/\/education-medias-information.ac-nantes.fr\/aveloverslesjeux\/?page_id=1003\"><div class=\"navigation-icon transparence-over\" style=\"background-color:#0099CC;\"><span class=\"fas fa-stream\" style=\"margin-right:8px;\"><\/span>Liste des d\u00e9parts d'\u00e9tapes<\/div><\/a><\/div>\n<div style=\"height:0px\" aria-hidden=\"true\" class=\"wp-block-spacer\"><\/div>\n<\/div>\n\n","protected":false},"excerpt":{"rendered":"","protected":false},"author":1,"featured_media":0,"parent":0,"menu_order":0,"comment_status":"closed","ping_status":"closed","template":"page_custom-sidebar1.php","meta":{"cybocfi_hide_featured_image":""},"_links":{"self":[{"href":"http:\/\/education-medias-information.ac-nantes.fr\/aveloverslesjeux\/index.php?rest_route=\/wp\/v2\/pages\/1004"}],"collection":[{"href":"http:\/\/education-medias-information.ac-nantes.fr\/aveloverslesjeux\/index.php?rest_route=\/wp\/v2\/pages"}],"about":[{"href":"http:\/\/education-medias-information.ac-nantes.fr\/aveloverslesjeux\/index.php?rest_route=\/wp\/v2\/types\/page"}],"author":[{"embeddable":true,"href":"http:\/\/education-medias-information.ac-nantes.fr\/aveloverslesjeux\/index.php?rest_route=\/wp\/v2\/users\/1"}],"replies":[{"embeddable":true,"href":"http:\/\/education-medias-information.ac-nantes.fr\/aveloverslesjeux\/index.php?rest_route=%2Fwp%2Fv2%2Fcomments&post=1004"}],"version-history":[{"count":7,"href":"http:\/\/education-medias-information.ac-nantes.fr\/aveloverslesjeux\/index.php?rest_route=\/wp\/v2\/pages\/1004\/revisions"}],"predecessor-version":[{"id":1036,"href":"http:\/\/education-medias-information.ac-nantes.fr\/aveloverslesjeux\/index.php?rest_route=\/wp\/v2\/pages\/1004\/revisions\/1036"}],"wp:attachment":[{"href":"http:\/\/education-medias-information.ac-nantes.fr\/aveloverslesjeux\/index.php?rest_route=%2Fwp%2Fv2%2Fmedia&parent=1004"}],"curies":[{"name":"wp","href":"https:\/\/api.w.org\/{rel}","templated":true}]}}