{"id":1126,"date":"2024-04-15T09:34:38","date_gmt":"2024-04-15T07:34:38","guid":{"rendered":"http:\/\/education-medias-information.ac-nantes.fr\/aveloverslesjeux\/?page_id=1126"},"modified":"2024-04-15T09:37:49","modified_gmt":"2024-04-15T07:37:49","slug":"chiffres","status":"publish","type":"page","link":"http:\/\/education-medias-information.ac-nantes.fr\/aveloverslesjeux\/?page_id=1126","title":{"rendered":"Le relais des fanions en chiffres"},"content":{"rendered":"\n<table class=\"chiffres\"><tbody>\n<tr><th>N\u00b0 d'\u00e9tape<\/th><th>Nb parcours<\/th><th>Dist. totale<\/th><th>Nb \u00e9l\u00e8ves<\/th><th>Dist. cumul\u00e9e <sup>*<\/sup><\/th><\/tr>\n<tr><td class=\"num\">1<\/td><td>6<\/td><td>99,80<\/td><td>148<\/td><td>2 576,00<\/td><\/tr>\n<tr><td class=\"num\">2<\/td><td>5<\/td><td>69,20<\/td><td>120<\/td><td>1 739,20<\/td><\/tr>\n<tr><td class=\"num\">3<\/td><td>1<\/td><td>15,90<\/td><td>70<\/td><td>1 113,00<\/td><\/tr>\n<tr><td class=\"num\">4<\/td><td>6<\/td><td>73,70<\/td><td>119<\/td><td>1 435,30<\/td><\/tr>\n<tr><td class=\"num\">5<\/td><td>4<\/td><td>53,50<\/td><td>65<\/td><td>852,50<\/td><\/tr>\n<tr><td class=\"num\">6<\/td><td>4<\/td><td>56,50<\/td><td>106<\/td><td>1 547,40<\/td><\/tr>\n<tr><td class=\"num\">7<\/td><td>5<\/td><td>68,80<\/td><td>146<\/td><td>2 046,00<\/td><\/tr>\n<tr><td class=\"num\">8<\/td><td>3<\/td><td>35,40<\/td><td>162<\/td><td>1 969,80<\/td><\/tr>\n<tr><td class=\"num\">9<\/td><td>2<\/td><td>33,90<\/td><td>34<\/td><td>566,50<\/td><\/tr>\n<tr><td class=\"num\">10<\/td><td>1<\/td><td>18,70<\/td><td>21<\/td><td>392,70<\/td><\/tr>\n<tr><td class=\"num\">11<\/td><td>3<\/td><td>49,40<\/td><td>80<\/td><td>1 430,70<\/td><\/tr>\n<tr><td class=\"num\">12<\/td><td>3<\/td><td>25,50<\/td><td>63<\/td><td>612,70<\/td><\/tr>\n<tr><td class=\"num\">13<\/td><td>4<\/td><td>47,50<\/td><td>89<\/td><td>1 026,20<\/td><\/tr>\n<tr><td class=\"num\">14<\/td><td>4<\/td><td>48,60<\/td><td>85<\/td><td>975,30<\/td><\/tr>\n<tr><td class=\"num\">15<\/td><td>3<\/td><td>42,60<\/td><td>113<\/td><td>1 681,00<\/td><\/tr>\n<tr><td class=\"num\">16<\/td><td>3<\/td><td>46,00<\/td><td>128<\/td><td>1 854,40<\/td><\/tr>\n<tr><td class=\"num\">17<\/td><td>1<\/td><td>16,90<\/td><td>25<\/td><td>422,50<\/td><\/tr>\n<tr><td class=\"num\">18<\/td><td>2<\/td><td>33,60<\/td><td>69<\/td><td>1 279,20<\/td><\/tr>\n<tr><td class=\"num\">19<\/td><td>2<\/td><td>29,20<\/td><td>45<\/td><td>656,30<\/td><\/tr>\n<tr><td class=\"num\">20<\/td><td>1<\/td><td>8,10<\/td><td>48<\/td><td>388,80<\/td><\/tr>\n<tr><td class=\"num\">21<\/td><td>2<\/td><td>35,90<\/td><td>43<\/td><td>738,60<\/td><\/tr>\n<tr><td class=\"num\">22<\/td><td>2<\/td><td>25,40<\/td><td>65<\/td><td>950,90<\/td><\/tr>\n<tr><td class=\"num\">23<\/td><td>1<\/td><td>9,30<\/td><td>28<\/td><td>260,40<\/td><\/tr>\n<tr><td class=\"num\">24<\/td><td>1<\/td><td>14,90<\/td><td>22<\/td><td>327,80<\/td><\/tr>\n<tr><td class=\"num\">25<\/td><td>1<\/td><td>9,80<\/td><td>25<\/td><td>245,00<\/td><\/tr>\n<tr><td class=\"num\">26<\/td><td>3<\/td><td>29,80<\/td><td>117<\/td><td>1 149,30<\/td><\/tr>\n<tr><td class=\"num\">27<\/td><td>3<\/td><td>28,40<\/td><td>195<\/td><td>1 858,70<\/td><\/tr>\n<tr><td class=\"num\">28<\/td><td>3<\/td><td>33,40<\/td><td>139<\/td><td>1 640,00<\/td><\/tr>\n<tr><td class=\"num\">29<\/td><td>7<\/td><td>87,90<\/td><td>291<\/td><td>3 849,10<\/td><\/tr>\n<tr><td class=\"total\">Total<\/td><td class=\"total\">86<\/td><td class=\"total\">1 147,60 km<\/td><td class=\"total\">2 661<\/td><td class=\"total\">35 585,30 km<\/td><\/tr>\n<\/tbody><\/table>\n<p class=\"chiffres-commentaire\"><sup>*<\/sup> Distance cumul\u00e9e parcourue par les \u00e9l\u00e8ves \u00e9tape par \u00e9tape. Les trajets de retour ne sont pas comptabilis\u00e9s.<\/p>\n\n","protected":false},"excerpt":{"rendered":"","protected":false},"author":1,"featured_media":0,"parent":0,"menu_order":0,"comment_status":"closed","ping_status":"closed","template":"page_custom-sidebar1.php","meta":{"cybocfi_hide_featured_image":""},"_links":{"self":[{"href":"http:\/\/education-medias-information.ac-nantes.fr\/aveloverslesjeux\/index.php?rest_route=\/wp\/v2\/pages\/1126"}],"collection":[{"href":"http:\/\/education-medias-information.ac-nantes.fr\/aveloverslesjeux\/index.php?rest_route=\/wp\/v2\/pages"}],"about":[{"href":"http:\/\/education-medias-information.ac-nantes.fr\/aveloverslesjeux\/index.php?rest_route=\/wp\/v2\/types\/page"}],"author":[{"embeddable":true,"href":"http:\/\/education-medias-information.ac-nantes.fr\/aveloverslesjeux\/index.php?rest_route=\/wp\/v2\/users\/1"}],"replies":[{"embeddable":true,"href":"http:\/\/education-medias-information.ac-nantes.fr\/aveloverslesjeux\/index.php?rest_route=%2Fwp%2Fv2%2Fcomments&post=1126"}],"version-history":[{"count":4,"href":"http:\/\/education-medias-information.ac-nantes.fr\/aveloverslesjeux\/index.php?rest_route=\/wp\/v2\/pages\/1126\/revisions"}],"predecessor-version":[{"id":1130,"href":"http:\/\/education-medias-information.ac-nantes.fr\/aveloverslesjeux\/index.php?rest_route=\/wp\/v2\/pages\/1126\/revisions\/1130"}],"wp:attachment":[{"href":"http:\/\/education-medias-information.ac-nantes.fr\/aveloverslesjeux\/index.php?rest_route=%2Fwp%2Fv2%2Fmedia&parent=1126"}],"curies":[{"name":"wp","href":"https:\/\/api.w.org\/{rel}","templated":true}]}}