{"id":12,"date":"2024-01-12T13:11:31","date_gmt":"2024-01-12T12:11:31","guid":{"rendered":"http:\/\/education-medias-information.ac-nantes.fr\/aveloverslesjeux\/?page_id=12"},"modified":"2024-05-07T09:00:13","modified_gmt":"2024-05-07T07:00:13","slug":"a-propos","status":"publish","type":"page","link":"http:\/\/education-medias-information.ac-nantes.fr\/aveloverslesjeux\/?page_id=12","title":{"rendered":"\u00c0 propos"},"content":{"rendered":"\n<p>L&rsquo;op\u00e9ration in\u00e9dite \u00ab <strong>A v\u00e9lo vers les jeux<\/strong> \u00bb va se d\u00e9ployer en Mayenne <strong>du 13 mai au 2 juillet 2024<\/strong>, sous le signe des Jeux Olympiques et Paralympiques.<\/p>\n\n\n\n<p>Ce projet Mayennais s&rsquo;est construit sous l\u2019impulsion des conseillers p\u00e9dagogiques \u00e9ducation physique et sportive de la Direction des Services D\u00e9partementaux de l\u2019\u00c9ducation Nationale, de l\u2019Union Sportive de l\u2019Enseignement du Premier Degr\u00e9 et la mobilisation de nombreux partenaires et collectivit\u00e9s territoriales.<\/p>\n\n\n\n<p>Ainsi durant <strong>7 semaines<\/strong>, plus de <strong>2 600 \u00e9l\u00e8ves<\/strong> des \u00e9coles publiques du d\u00e9partement de la Mayenne vont participer \u00e0 l\u2019une des <strong>29 \u00e9tapes<\/strong> d&rsquo;un <strong>relais des fanions<\/strong> de 1 200 km avec une arriv\u00e9e de la derni\u00e8re \u00e9tape pr\u00e9vue \u00e0 l&rsquo;Espace Mayenne \u00e0 Laval.<\/p>\n\n\n\n<p>Ce relais s&rsquo;inscrit pleinement dans l&rsquo;animation territoriale des J.O.P et <strong>l&rsquo;ensemble des Mayennais est convi\u00e9 \u00e0 cette manifestation sportive, f\u00e9d\u00e9ratrice et populaire<\/strong>.<\/p>\n\n\n\n<h5><strong>R\u00e9sum\u00e9 en quelques chiffres :<\/strong><\/h5>\n\n\n<ul style=\"margin-left: 25px;\">\n<li>29 \u00e9tapes r\u00e9parties sur 7 semaines<\/li>\n<li>83 \u00e9coles et 2 IME attendus, soit 2 661 \u00e9l\u00e8ves<\/li>\n<li>135 enseignants, 370 parents ou accompagnateurs encadrants form\u00e9s<\/li>\n<li>137 communes travers\u00e9es, 1 148 km parcourus au total (sans compter les trajets de retour)<\/li>\n<\/ul>\n\n\n<h5><strong>Partenaires de l&rsquo;op\u00e9ration :<\/strong><\/h5>\n\n\n\n<p><em>Le Conseil D\u00e9partemental, Laval agglo, les communaut\u00e9s de communes, les mairies, l\u2019AMF, le CDOS, la DDT, l\u2019ARS, l\u2019IREPS, les infirmi\u00e8res du d\u00e9partement, les lyc\u00e9es Gaston Lesnard, Robert Buron, L\u00e9onard de Vinci, Lavoisier et Douanier Rousseau, le coll\u00e8ge De Martonne, les associations de parents d&rsquo;\u00e9l\u00e8ves, le Comit\u00e9 d\u00e9partemental de cyclisme, les clubs cyclotouristes, Laval Moto 53, l&rsquo;association  \u00ab Place au v\u00e9lo \u00e0 Laval \u00bb, l\u2019Espace Mayenne, La Vigie M\u00e9morial des D\u00e9port\u00e9s de la Mayenne.<\/em><\/p>\n\n\n\n<div style=\"height:50px\" aria-hidden=\"true\" class=\"wp-block-spacer\"><\/div>\n\n\n\n<div class=\"wp-block-columns\">\n<div class=\"wp-block-column\">\n<div class=\"wp-block-image\"><figure class=\"aligncenter size-full is-resized\"><img loading=\"lazy\" src=\"http:\/\/education-medias-information.ac-nantes.fr\/aveloverslesjeux\/wp-content\/uploads\/2024\/04\/logo_cd53.png\" alt=\"\" class=\"wp-image-1199\" width=\"141\" height=\"141\" srcset=\"http:\/\/education-medias-information.ac-nantes.fr\/aveloverslesjeux\/wp-content\/uploads\/2024\/04\/logo_cd53.png 300w, http:\/\/education-medias-information.ac-nantes.fr\/aveloverslesjeux\/wp-content\/uploads\/2024\/04\/logo_cd53-150x150.png 150w\" sizes=\"(max-width: 141px) 85vw, 141px\" \/><\/figure><\/div>\n<\/div>\n\n\n\n<div class=\"wp-block-column is-vertically-aligned-center\">\n<div class=\"wp-block-image\"><figure class=\"aligncenter size-full is-resized\"><img loading=\"lazy\" src=\"http:\/\/education-medias-information.ac-nantes.fr\/aveloverslesjeux\/wp-content\/uploads\/2024\/04\/logo_region_academique_pays_de_la_loire.png\" alt=\"\" class=\"wp-image-1201\" width=\"191\" height=\"90\" srcset=\"http:\/\/education-medias-information.ac-nantes.fr\/aveloverslesjeux\/wp-content\/uploads\/2024\/04\/logo_region_academique_pays_de_la_loire.png 636w, http:\/\/education-medias-information.ac-nantes.fr\/aveloverslesjeux\/wp-content\/uploads\/2024\/04\/logo_region_academique_pays_de_la_loire-300x142.png 300w\" sizes=\"(max-width: 191px) 85vw, 191px\" \/><\/figure><\/div>\n<\/div>\n\n\n\n<div class=\"wp-block-column is-vertically-aligned-center\">\n<div class=\"wp-block-image\"><figure class=\"aligncenter size-full\"><img loading=\"lazy\" width=\"482\" height=\"150\" src=\"http:\/\/education-medias-information.ac-nantes.fr\/aveloverslesjeux\/wp-content\/uploads\/2024\/04\/logo_bouge.png\" alt=\"\" class=\"wp-image-1202\" srcset=\"http:\/\/education-medias-information.ac-nantes.fr\/aveloverslesjeux\/wp-content\/uploads\/2024\/04\/logo_bouge.png 482w, http:\/\/education-medias-information.ac-nantes.fr\/aveloverslesjeux\/wp-content\/uploads\/2024\/04\/logo_bouge-300x93.png 300w\" sizes=\"(max-width: 482px) 85vw, 482px\" \/><\/figure><\/div>\n<\/div>\n<\/div>\n\n\n\n<div class=\"wp-block-columns\">\n<div class=\"wp-block-column is-vertically-aligned-center\">\n<div class=\"wp-block-image\"><figure class=\"aligncenter size-full is-resized\"><img loading=\"lazy\" src=\"http:\/\/education-medias-information.ac-nantes.fr\/aveloverslesjeux\/wp-content\/uploads\/2024\/04\/logo_prefete_mayenne.png\" alt=\"\" class=\"wp-image-1219\" width=\"165\" height=\"108\" srcset=\"http:\/\/education-medias-information.ac-nantes.fr\/aveloverslesjeux\/wp-content\/uploads\/2024\/04\/logo_prefete_mayenne.png 456w, http:\/\/education-medias-information.ac-nantes.fr\/aveloverslesjeux\/wp-content\/uploads\/2024\/04\/logo_prefete_mayenne-300x197.png 300w\" sizes=\"(max-width: 165px) 85vw, 165px\" \/><\/figure><\/div>\n<\/div>\n\n\n\n<div class=\"wp-block-column\">\n<div class=\"wp-block-image\"><figure class=\"alignleft size-full is-resized\"><img loading=\"lazy\" src=\"http:\/\/education-medias-information.ac-nantes.fr\/aveloverslesjeux\/wp-content\/uploads\/2024\/04\/logo_securite_routiere.png\" alt=\"\" class=\"wp-image-1220\" width=\"146\" height=\"55\" srcset=\"http:\/\/education-medias-information.ac-nantes.fr\/aveloverslesjeux\/wp-content\/uploads\/2024\/04\/logo_securite_routiere.png 484w, http:\/\/education-medias-information.ac-nantes.fr\/aveloverslesjeux\/wp-content\/uploads\/2024\/04\/logo_securite_routiere-300x113.png 300w\" sizes=\"(max-width: 146px) 85vw, 146px\" \/><\/figure><\/div>\n<\/div>\n\n\n\n<div class=\"wp-block-column\">\n<div class=\"wp-block-image\"><figure class=\"aligncenter size-full is-resized\"><img loading=\"lazy\" src=\"http:\/\/education-medias-information.ac-nantes.fr\/aveloverslesjeux\/wp-content\/uploads\/2024\/04\/logo_ars.png\" alt=\"\" class=\"wp-image-1222\" width=\"172\" height=\"99\" srcset=\"http:\/\/education-medias-information.ac-nantes.fr\/aveloverslesjeux\/wp-content\/uploads\/2024\/04\/logo_ars.png 416w, http:\/\/education-medias-information.ac-nantes.fr\/aveloverslesjeux\/wp-content\/uploads\/2024\/04\/logo_ars-300x173.png 300w\" sizes=\"(max-width: 172px) 85vw, 172px\" \/><\/figure><\/div>\n<\/div>\n<\/div>\n\n\n\n<div class=\"wp-block-columns are-vertically-aligned-center\">\n<div class=\"wp-block-column is-vertically-aligned-center\">\n<div class=\"wp-block-image\"><figure class=\"aligncenter size-full is-resized\"><img loading=\"lazy\" src=\"http:\/\/education-medias-information.ac-nantes.fr\/aveloverslesjeux\/wp-content\/uploads\/2024\/04\/logo_laval_agglo.png\" alt=\"\" class=\"wp-image-1237\" width=\"149\" height=\"104\" srcset=\"http:\/\/education-medias-information.ac-nantes.fr\/aveloverslesjeux\/wp-content\/uploads\/2024\/04\/logo_laval_agglo.png 400w, http:\/\/education-medias-information.ac-nantes.fr\/aveloverslesjeux\/wp-content\/uploads\/2024\/04\/logo_laval_agglo-300x210.png 300w\" sizes=\"(max-width: 149px) 85vw, 149px\" \/><\/figure><\/div>\n<\/div>\n\n\n\n<div class=\"wp-block-column is-vertically-aligned-center\">\n<div class=\"wp-block-image\"><figure class=\"aligncenter size-full is-resized\"><img loading=\"lazy\" src=\"http:\/\/education-medias-information.ac-nantes.fr\/aveloverslesjeux\/wp-content\/uploads\/2024\/04\/logo_terre_jeux_2024.png\" alt=\"\" class=\"wp-image-1203\" width=\"140\" height=\"160\"\/><\/figure><\/div>\n<\/div>\n\n\n\n<div class=\"wp-block-column is-vertically-aligned-center\">\n<div class=\"wp-block-image\"><figure class=\"aligncenter size-full is-resized\"><img loading=\"lazy\" src=\"http:\/\/education-medias-information.ac-nantes.fr\/aveloverslesjeux\/wp-content\/uploads\/2024\/04\/logo_generation_2024.png\" alt=\"\" class=\"wp-image-1200\" width=\"138\" height=\"158\"\/><\/figure><\/div>\n<\/div>\n<\/div>\n\n\n\n<div class=\"wp-block-columns\">\n<div class=\"wp-block-column is-vertically-aligned-center\">\n<div class=\"wp-block-image\"><figure class=\"aligncenter size-full is-resized\"><img loading=\"lazy\" src=\"http:\/\/education-medias-information.ac-nantes.fr\/aveloverslesjeux\/wp-content\/uploads\/2024\/04\/logo_espace_mayenne.png\" alt=\"\" class=\"wp-image-1235\" width=\"168\" height=\"124\" srcset=\"http:\/\/education-medias-information.ac-nantes.fr\/aveloverslesjeux\/wp-content\/uploads\/2024\/04\/logo_espace_mayenne.png 430w, http:\/\/education-medias-information.ac-nantes.fr\/aveloverslesjeux\/wp-content\/uploads\/2024\/04\/logo_espace_mayenne-300x224.png 300w\" sizes=\"(max-width: 168px) 85vw, 168px\" \/><\/figure><\/div>\n<\/div>\n\n\n\n<div class=\"wp-block-column is-vertically-aligned-center\">\n<div class=\"wp-block-image\"><figure class=\"aligncenter size-full\"><img loading=\"lazy\" width=\"593\" height=\"200\" src=\"http:\/\/education-medias-information.ac-nantes.fr\/aveloverslesjeux\/wp-content\/uploads\/2024\/04\/logo_la_vigie.png\" alt=\"\" class=\"wp-image-1236\" srcset=\"http:\/\/education-medias-information.ac-nantes.fr\/aveloverslesjeux\/wp-content\/uploads\/2024\/04\/logo_la_vigie.png 593w, http:\/\/education-medias-information.ac-nantes.fr\/aveloverslesjeux\/wp-content\/uploads\/2024\/04\/logo_la_vigie-300x101.png 300w\" sizes=\"(max-width: 593px) 85vw, 593px\" \/><\/figure><\/div>\n<\/div>\n\n\n\n<div class=\"wp-block-column is-vertically-aligned-center\">\n<div class=\"wp-block-image\"><figure class=\"aligncenter size-full is-resized\"><img loading=\"lazy\" src=\"http:\/\/education-medias-information.ac-nantes.fr\/aveloverslesjeux\/wp-content\/uploads\/2024\/04\/logo_place_au_velo_laval.png\" alt=\"\" class=\"wp-image-1238\" width=\"138\" height=\"138\" srcset=\"http:\/\/education-medias-information.ac-nantes.fr\/aveloverslesjeux\/wp-content\/uploads\/2024\/04\/logo_place_au_velo_laval.png 300w, http:\/\/education-medias-information.ac-nantes.fr\/aveloverslesjeux\/wp-content\/uploads\/2024\/04\/logo_place_au_velo_laval-150x150.png 150w\" sizes=\"(max-width: 138px) 85vw, 138px\" \/><\/figure><\/div>\n<\/div>\n<\/div>\n\n\n\n<div style=\"height:50px\" aria-hidden=\"true\" class=\"wp-block-spacer\"><\/div>\n","protected":false},"excerpt":{"rendered":"<p>L&rsquo;op\u00e9ration in\u00e9dite \u00ab A v\u00e9lo vers les jeux \u00bb va se d\u00e9ployer en Mayenne du 13 mai au 2 juillet 2024, sous le signe des Jeux Olympiques et Paralympiques. Ce projet Mayennais s&rsquo;est construit sous l\u2019impulsion des conseillers p\u00e9dagogiques \u00e9ducation physique et sportive de la Direction des Services D\u00e9partementaux de l\u2019\u00c9ducation Nationale, de l\u2019Union Sportive &hellip; <a href=\"http:\/\/education-medias-information.ac-nantes.fr\/aveloverslesjeux\/?page_id=12\" class=\"more-link\">Poursuivre la lecture<span class=\"screen-reader-text\"> \u00ab\u00a0\u00c0 propos\u00a0\u00bb<\/span><\/a><\/p>\n","protected":false},"author":1,"featured_media":0,"parent":0,"menu_order":0,"comment_status":"closed","ping_status":"closed","template":"page_custom-sidebar1.php","meta":{"cybocfi_hide_featured_image":""},"_links":{"self":[{"href":"http:\/\/education-medias-information.ac-nantes.fr\/aveloverslesjeux\/index.php?rest_route=\/wp\/v2\/pages\/12"}],"collection":[{"href":"http:\/\/education-medias-information.ac-nantes.fr\/aveloverslesjeux\/index.php?rest_route=\/wp\/v2\/pages"}],"about":[{"href":"http:\/\/education-medias-information.ac-nantes.fr\/aveloverslesjeux\/index.php?rest_route=\/wp\/v2\/types\/page"}],"author":[{"embeddable":true,"href":"http:\/\/education-medias-information.ac-nantes.fr\/aveloverslesjeux\/index.php?rest_route=\/wp\/v2\/users\/1"}],"replies":[{"embeddable":true,"href":"http:\/\/education-medias-information.ac-nantes.fr\/aveloverslesjeux\/index.php?rest_route=%2Fwp%2Fv2%2Fcomments&post=12"}],"version-history":[{"count":25,"href":"http:\/\/education-medias-information.ac-nantes.fr\/aveloverslesjeux\/index.php?rest_route=\/wp\/v2\/pages\/12\/revisions"}],"predecessor-version":[{"id":1273,"href":"http:\/\/education-medias-information.ac-nantes.fr\/aveloverslesjeux\/index.php?rest_route=\/wp\/v2\/pages\/12\/revisions\/1273"}],"wp:attachment":[{"href":"http:\/\/education-medias-information.ac-nantes.fr\/aveloverslesjeux\/index.php?rest_route=%2Fwp%2Fv2%2Fmedia&parent=12"}],"curies":[{"name":"wp","href":"https:\/\/api.w.org\/{rel}","templated":true}]}}