{"id":294,"date":"2024-03-26T11:28:49","date_gmt":"2024-03-26T10:28:49","guid":{"rendered":"http:\/\/education-medias-information.ac-nantes.fr\/aveloverslesjeux_dev\/?page_id=294"},"modified":"2024-05-15T12:36:08","modified_gmt":"2024-05-15T10:36:08","slug":"etape-n-09","status":"publish","type":"page","link":"http:\/\/education-medias-information.ac-nantes.fr\/aveloverslesjeux\/?page_id=294","title":{"rendered":"\u00c9tape n\u00b0 09"},"content":{"rendered":"\n<div class=\"wp-block-columns etape-infos move-up\">\n  <div class=\"wp-block-column is-vertically-aligned-center has-text-color has-background\" style=\"color:#ffffff;background-color:#01586D;flex-basis:33.33%\">\n    <h5 class=\"has-text-align-center etape-infos-date\"><span class=\"fas fa-calendar-week\" style=\"margin-right:10px;color:rgba(255,255,255,0.65);\"><\/span>28 mai 2024<\/h5>\n  <\/div>\n  <div class=\"wp-block-column has-text-color has-background\" style=\"color:#ffffff;background-color:#0099CC;flex-basis:66.66%\">\n    <h5 class=\"etape-infos-arrivee\"><span class=\"fas fa-flag-checkered\" style=\"margin-right:10px;color:rgba(255,255,255,0.65);\"><\/span>Martign\u00e9-sur-Mayenne<\/h5>\n  <\/div>\n<\/div>\n<div style=\"height:25px\" aria-hidden=\"true\" class=\"wp-block-spacer\"><\/div>\n\n\n\n\n<div class=\"wp-block-query liste-articles\">\n<h2 class=\"has-text-color\" style=\"color:#277183\"><span class=\"fas fa-microphone\" style=\"margin-right:10px;color:rgba(1, 88, 109, 0.5);\"><\/span> En direct de l\u2019\u00e9tape<\/h2>\n<ul id=\"ul497157196\" class=\"is-flex-container columns-3 wp-block-post-template\">\n<li>\n<h5 class=\"wp-block-post-title has-normal-font-size fixed-height-size\">L&rsquo;\u00e9tape n\u00b0 09 en images<\/h5>\n<a href=\"http:\/\/education-medias-information.ac-nantes.fr\/aveloverslesjeux\/?p=1631\" rel=\"bookmark\"><figure class=\"alignwide wp-block-post-featured-image fig-featured-img\">\n<img width=\"768\" height=\"512\" src=\"http:\/\/education-medias-information.ac-nantes.fr\/aveloverslesjeux\/wp-content\/uploads\/2024\/05\/e9_0009-768x512.jpg\" class=\"attachment-medium_large size-medium_large wp-post-image\" alt=\"\" loading=\"lazy\" srcset=\"http:\/\/education-medias-information.ac-nantes.fr\/aveloverslesjeux\/wp-content\/uploads\/2024\/05\/e9_0009-768x512.jpg 768w, http:\/\/education-medias-information.ac-nantes.fr\/aveloverslesjeux\/wp-content\/uploads\/2024\/05\/e9_0009-300x200.jpg 300w, http:\/\/education-medias-information.ac-nantes.fr\/aveloverslesjeux\/wp-content\/uploads\/2024\/05\/e9_0009.jpg 1024w\" sizes=\"(max-width: 709px) 85vw, (max-width: 909px) 67vw, (max-width: 984px) 61vw, (max-width: 1362px) 45vw, 600px\" \/><\/figure><\/a>\n<div class=\"wp-block-post-excerpt\">\n<p class=\"wp-block-post-excerpt__excerpt\" style=\"margin-top:20px;\"><em>Souvenirs de l'arriv\u00e9e et des ateliers \u00e0 Martign\u00e9-sur-Mayenne, le mardi 28 mai 2024.<\/em><\/p>\n<p class=\"wp-block-post-excerpt__more-text\"><a class=\"wp-block-post-excerpt__more-link\" href=\"http:\/\/education-medias-information.ac-nantes.fr\/aveloverslesjeux\/?p=1631\">Lire la suite<\/a><\/p>\n<\/div>\n<\/li>\n<li>\n<h5 class=\"wp-block-post-title has-normal-font-size fixed-height-size\">En direct de Martign\u00e9-sur-Mayenne #1<\/h5>\n<a href=\"http:\/\/education-medias-information.ac-nantes.fr\/aveloverslesjeux\/?p=1624\" rel=\"bookmark\"><figure class=\"alignwide wp-block-post-featured-image fig-featured-img\">\n<img width=\"768\" height=\"432\" src=\"http:\/\/education-medias-information.ac-nantes.fr\/aveloverslesjeux\/wp-content\/uploads\/2024\/05\/e9_eloan_martineau-768x432.jpg\" class=\"attachment-medium_large size-medium_large wp-post-image\" alt=\"\" loading=\"lazy\" srcset=\"http:\/\/education-medias-information.ac-nantes.fr\/aveloverslesjeux\/wp-content\/uploads\/2024\/05\/e9_eloan_martineau-768x432.jpg 768w, http:\/\/education-medias-information.ac-nantes.fr\/aveloverslesjeux\/wp-content\/uploads\/2024\/05\/e9_eloan_martineau-300x169.jpg 300w, http:\/\/education-medias-information.ac-nantes.fr\/aveloverslesjeux\/wp-content\/uploads\/2024\/05\/e9_eloan_martineau.jpg 1024w\" sizes=\"(max-width: 709px) 85vw, (max-width: 909px) 67vw, (max-width: 984px) 61vw, (max-width: 1362px) 45vw, 600px\" \/><\/figure><\/a>\n<div class=\"wp-block-post-excerpt\">\n<p class=\"wp-block-post-excerpt__excerpt\" style=\"margin-top:20px;\"><em>Interview d'Eloan Martineau, \u00e9l\u00e8ve de l'\u00e9cole publique de Moulay.<\/em><\/p>\n<p class=\"wp-block-post-excerpt__more-text\"><a class=\"wp-block-post-excerpt__more-link\" href=\"http:\/\/education-medias-information.ac-nantes.fr\/aveloverslesjeux\/?p=1624\">Lire la suite<\/a><\/p>\n<\/div>\n<\/li>\n<li>\n<h5 class=\"wp-block-post-title has-normal-font-size fixed-height-size\">En direct de Martign\u00e9-sur-Mayenne #2<\/h5>\n<a href=\"http:\/\/education-medias-information.ac-nantes.fr\/aveloverslesjeux\/?p=1622\" rel=\"bookmark\"><figure class=\"alignwide wp-block-post-featured-image fig-featured-img\">\n<img width=\"768\" height=\"432\" src=\"http:\/\/education-medias-information.ac-nantes.fr\/aveloverslesjeux\/wp-content\/uploads\/2024\/05\/e9_mr_carre-768x432.jpg\" class=\"attachment-medium_large size-medium_large wp-post-image\" alt=\"\" loading=\"lazy\" srcset=\"http:\/\/education-medias-information.ac-nantes.fr\/aveloverslesjeux\/wp-content\/uploads\/2024\/05\/e9_mr_carre-768x432.jpg 768w, http:\/\/education-medias-information.ac-nantes.fr\/aveloverslesjeux\/wp-content\/uploads\/2024\/05\/e9_mr_carre-300x169.jpg 300w, http:\/\/education-medias-information.ac-nantes.fr\/aveloverslesjeux\/wp-content\/uploads\/2024\/05\/e9_mr_carre.jpg 1024w\" sizes=\"(max-width: 709px) 85vw, (max-width: 909px) 67vw, (max-width: 984px) 61vw, (max-width: 1362px) 45vw, 600px\" \/><\/figure><\/a>\n<div class=\"wp-block-post-excerpt\">\n<p class=\"wp-block-post-excerpt__excerpt\" style=\"margin-top:20px;\"><em>Interview de Guillaume Carr\u00e9, Maire de Martign\u00e9-sur-Mayenne.<\/em><\/p>\n<p class=\"wp-block-post-excerpt__more-text\"><a class=\"wp-block-post-excerpt__more-link\" href=\"http:\/\/education-medias-information.ac-nantes.fr\/aveloverslesjeux\/?p=1622\">Lire la suite<\/a><\/p>\n<\/div>\n<\/li>\n<\/ul>\n<\/div>\n<div style=\"height:0px\" aria-hidden=\"true\" class=\"wp-block-spacer\"><\/div>\n\n\n\n\n<div class=\"wp-block-columns\">\n<div class=\"wp-block-column\">\n<h2 class=\"has-text-color\" style=\"color:#0099CC;\">\n<span class=\"fas fa-bookmark\" style=\"margin-right:13px;color:rgba(1, 88, 109, 0.5);\"><\/span>Contest &gt; Martign\u00e9-sur-Mayenne\n<\/h2>\n<figure class=\"wp-block-table etape-ecole-infos is-style-regular\">\n<table class=\"has-fixed-layout\">\n<thead>\n<tr>\n<th class=\"has-text-align-left\" data-align=\"left\"><strong>Nb \u00e9l\u00e8ves<\/strong><\/th>\n<th class=\"has-text-align-left\" data-align=\"left\"><strong>Distance<\/strong><\/th>\n<th class=\"has-text-align-left\" data-align=\"left\">Dur\u00e9e indicative<\/th>\n<th class=\"has-text-align-left\" data-align=\"left\" style=\"background-color:rgba(0, 153, 204, 0.1);\">D\u00e9nivel\u00e9 + \/ &#8211;<\/th>\n<\/tr>\n<\/thead>\n<tbody>\n<tr>\n<td class=\"has-text-align-left\" data-align=\"left\">15<\/td>\n<td class=\"has-text-align-left\" data-align=\"left\">19.4 km<\/td>\n<td class=\"has-text-align-left\" data-align=\"left\">2 h 00<\/td>\n<td class=\"has-text-align-left\" data-align=\"left\" style=\"background-color:rgba(0, 153, 204, 0.05);\">231 m \/ 228 m<\/td>\n<\/tr>\n<\/tbody>\n<\/table>\n<\/figure>\n<div class=\"wrapper-folder\"><div id=\"btn_79487719\" class=\"btn-folder\" onclick=\"avvlj_course_map_show('btn_79487719','div_79487719')\" style=\"color:#80ABB6;\">Replier&nbsp;&nbsp;<span class=\"fas fa-chevron-up\"><\/span>&nbsp;<\/div><\/div>\n<div id=\"div_79487719\">\n<div class=\"leaflet-map WPLeafletMap\" style=\"height:300px; width:100%;\"><\/div><script>\nwindow.WPLeafletMapPlugin = window.WPLeafletMapPlugin || [];\nwindow.WPLeafletMapPlugin.push(function WPLeafletMapShortcode() {\/*<script>*\/\nvar baseUrl = atob('aHR0cHM6Ly97c30udGlsZS5vcGVuc3RyZWV0bWFwLm9yZy97en0ve3h9L3t5fS5wbmc=');\nvar base = (!baseUrl && window.MQ) ?\n    window.MQ.mapLayer() : L.tileLayer(baseUrl,\n        L.Util.extend({}, {\n            detectRetina: 0,\n        },\n        {\"subdomains\":\"abc\",\"noWrap\":false,\"maxZoom\":19}        )\n    );\n    var options = L.Util.extend({}, {\n        layers: [base],\n        attributionControl: false\n    },\n    {\"zoomControl\":true,\"scrollWheelZoom\":false,\"doubleClickZoom\":false,\"fitBounds\":true,\"minZoom\":0,\"maxZoom\":19,\"maxBounds\":null,\"attribution\":\"Leaflet | \\u00a9 OpenStreetMap\"},\n    {});\nwindow.WPLeafletMapPlugin.createMap(options).setView([48.082140467506,-0.79177432883646],12);});<\/script><script>\nwindow.WPLeafletMapPlugin = window.WPLeafletMapPlugin || [];\nwindow.WPLeafletMapPlugin.push(function WPLeafletgpxShortcode() {\/*<script>*\/\nvar src = '.\/wp-content\/uploads\/2024\/03\/e9-1.gpx';\nvar default_style = {\"color\":\"#0099CC\"};\nvar rewrite_keys = {\n    stroke : 'color',\n    'stroke-width' : 'weight',\n    'stroke-opacity' : 'opacity',\n    fill : 'fillColor',\n    'fill-opacity' : 'fillOpacity',\n};\n\/\/ htmlspecialchars converts & to \"&amp;\"; maybe unnecessarily, and maybe 3x\nvar ampersandRegex = \/&(?:amp;){1,3}\/g\nvar layer = L.ajaxGeoJson(src.replace(ampersandRegex, '&'), {\n    type: 'gpx',\n    style : layerStyle,\n    onEachFeature : onEachFeature,\n    pointToLayer: pointToLayer\n});\nvar fitbounds = 0;\nvar circleMarker = 0;\nvar popup_text = window.WPLeafletMapPlugin.unescape(\"\");\nvar popup_property = \"\";\nvar group = window.WPLeafletMapPlugin.getCurrentGroup();\nvar markerOptions = window.WPLeafletMapPlugin.getIconOptions({});\nlayer.addTo( group );\nwindow.WPLeafletMapPlugin.geojsons.push( layer );\nif (fitbounds) {\n    layer.on('ready', function () {\n        this.map.fitBounds( this.getBounds() );\n    });\n}\nfunction layerStyle (feature) {\n    var props = feature.properties || {};\n    var style = {};\n    function camelFun (_, first_letter) {\n        return first_letter.toUpperCase();\n    };\n    for (var key in props) {\n        if (key.match('-')) {\n            var camelcase = key.replace(\/-(\\w)\/, camelFun);\n            style[ camelcase ] = props[ key ];\n        }\n        \/\/ rewrite style keys from geojson.io\n        if (rewrite_keys[ key ]) {\n            style[ rewrite_keys[ key ] ] = props[ key ];\n        }\n    }\n    return L.Util.extend(style, default_style);\n}\nfunction onEachFeature (feature, layer) {\n    var props = feature.properties || {};\n    var text;\n    if (0) {\n        text = window.WPLeafletMapPlugin.propsToTable(props);\n    } else {\n        text = popup_property\n            ? props[ popup_property ]\n            : window.WPLeafletMapPlugin.template(\n                popup_text, \n                feature.properties\n            );\n    }\n    if (text) {\n        layer.bindPopup( text );\n    }\n}\nfunction pointToLayer (feature, latlng) {\n    if (circleMarker) {\n        return L.circleMarker(latlng);\n    }\n    return L.marker(latlng, markerOptions);\n}});<\/script><script>\nwindow.WPLeafletMapPlugin = window.WPLeafletMapPlugin || [];\nwindow.WPLeafletMapPlugin.push(function WPLeafletMarkerShortcode() {\/*<script>*\/\nvar map = window.WPLeafletMapPlugin.getCurrentMap();\nvar group = window.WPLeafletMapPlugin.getCurrentGroup();\nvar marker_options = window.WPLeafletMapPlugin.getIconOptions({\"iconUrl\":\"http:\\\/\\\/education-medias-information.ac-nantes.fr\\\/aveloverslesjeux\\\/wp-content\\\/plugins\\\/a-velo-vers-les-jeux\\\/markers\\\/marker-icon-8.png\",\"shadowUrl\":\"http:\\\/\\\/education-medias-information.ac-nantes.fr\\\/aveloverslesjeux\\\/wp-content\\\/plugins\\\/a-velo-vers-les-jeux\\\/markers\\\/marker-shadow.png\"});\nvar marker = L.marker(\n    [48.26409627042,-0.65452220438546],\n    marker_options\n);\nvar is_image = map.is_image_map;\nif (marker_options.draggable) {\n    marker.on('dragend', function () {\n        var latlng = this.getLatLng();\n        var lat = latlng.lat;\n        var lng = latlng.lng;\n        if (is_image) {\n            console.log('leaflet-marker y=' + lat + ' x=' + lng);\n        } else {\n            console.log('leaflet-marker lat=' + lat + ' lng=' + lng);\n        }\n    });\n}\nmarker.addTo( group );\nmarker.bindPopup(window.WPLeafletMapPlugin.unescape('&lt;p class=\\&quot;map-popup-titre\\&quot;&gt;D\u00e9part&lt;\/p&gt;&lt;p class=\\&quot;map-popup-txt\\&quot;&gt;Contest&lt;\/p&gt;'));window.WPLeafletMapPlugin.markers.push( marker );\n        });<\/script><script>\nwindow.WPLeafletMapPlugin = window.WPLeafletMapPlugin || [];\nwindow.WPLeafletMapPlugin.push(function WPLeafletMarkerShortcode() {\/*<script>*\/\nvar map = window.WPLeafletMapPlugin.getCurrentMap();\nvar group = window.WPLeafletMapPlugin.getCurrentGroup();\nvar marker_options = window.WPLeafletMapPlugin.getIconOptions({\"iconUrl\":\"http:\\\/\\\/education-medias-information.ac-nantes.fr\\\/aveloverslesjeux\\\/wp-content\\\/plugins\\\/a-velo-vers-les-jeux\\\/markers\\\/marker-icon-7.png\",\"shadowUrl\":\"http:\\\/\\\/education-medias-information.ac-nantes.fr\\\/aveloverslesjeux\\\/wp-content\\\/plugins\\\/a-velo-vers-les-jeux\\\/markers\\\/marker-shadow.png\"});\nvar marker = L.marker(\n    [48.192126,-0.660103],\n    marker_options\n);\nvar is_image = map.is_image_map;\nif (marker_options.draggable) {\n    marker.on('dragend', function () {\n        var latlng = this.getLatLng();\n        var lat = latlng.lat;\n        var lng = latlng.lng;\n        if (is_image) {\n            console.log('leaflet-marker y=' + lat + ' x=' + lng);\n        } else {\n            console.log('leaflet-marker lat=' + lat + ' lng=' + lng);\n        }\n    });\n}\nmarker.addTo( group );\nmarker.bindPopup(window.WPLeafletMapPlugin.unescape('&lt;p class=\\&quot;map-popup-titre\\&quot;&gt;Arriv\u00e9e&lt;\/p&gt;&lt;p class=\\&quot;map-popup-txt\\&quot;&gt;Martign\u00e9-sur-Mayenne&lt;\/p&gt;'));window.WPLeafletMapPlugin.markers.push( marker );\n        });<\/script>\n<div style=\"height:25px\" aria-hidden=\"true\" class=\"wp-block-spacer\"><\/div>\n<div class=\"gpx-chart-elevation\" id=\"gpx-chart-elevation-container-1\">X<\/div><script>loadXMLDoc('.\/wp-content\/uploads\/2024\/03\/e9-1.gpx','gpx-chart-elevation-container-1','D\u00e9nivel\u00e9','','','','','#80ABB6','#99CC00','#99CC00',250,50,300);<\/script><\/div>\n\n<div style=\"height:35px\" aria-hidden=\"true\" class=\"wp-block-spacer\"><\/div>\n<\/div>\n<\/div>\n\n\n\n\n<div class=\"wp-block-columns\">\n<div class=\"wp-block-column\">\n<h2 class=\"has-text-color\" style=\"color:#0099CC;\">\n<span class=\"fas fa-biking\" style=\"margin-right:13px;color:rgba(1, 88, 109, 0.5);\"><\/span>Moulay &gt; Martign\u00e9-sur-Mayenne\n<\/h2>\n<figure class=\"wp-block-table etape-ecole-infos is-style-regular\">\n<table class=\"has-fixed-layout\">\n<thead>\n<tr>\n<th class=\"has-text-align-left\" data-align=\"left\"><strong>Nb \u00e9l\u00e8ves<\/strong><\/th>\n<th class=\"has-text-align-left\" data-align=\"left\"><strong>Distance<\/strong><\/th>\n<th class=\"has-text-align-left\" data-align=\"left\">Dur\u00e9e indicative<\/th>\n<th class=\"has-text-align-left\" data-align=\"left\" style=\"background-color:rgba(0, 153, 204, 0.1);\">D\u00e9nivel\u00e9 + \/ &#8211;<\/th>\n<\/tr>\n<\/thead>\n<tbody>\n<tr>\n<td class=\"has-text-align-left\" data-align=\"left\">19<\/td>\n<td class=\"has-text-align-left\" data-align=\"left\">14.5 km<\/td>\n<td class=\"has-text-align-left\" data-align=\"left\">1 h 30<\/td>\n<td class=\"has-text-align-left\" data-align=\"left\" style=\"background-color:rgba(0, 153, 204, 0.05);\">96 m \/ 84 m<\/td>\n<\/tr>\n<\/tbody>\n<\/table>\n<\/figure>\n<div class=\"wrapper-folder\"><div id=\"btn_417149066\" class=\"btn-folder\" onclick=\"avvlj_course_map_show('btn_417149066','div_417149066')\" style=\"color:#80ABB6;\">D\u00e9plier&nbsp;&nbsp;<span class=\"fas fa-chevron-down\"><\/span>&nbsp;<\/div><\/div>\n<div id=\"div_417149066\" class=\"hidden-map\">\n<div class=\"leaflet-map WPLeafletMap\" style=\"height:300px; width:100%;\"><\/div><script>\nwindow.WPLeafletMapPlugin = window.WPLeafletMapPlugin || [];\nwindow.WPLeafletMapPlugin.push(function WPLeafletMapShortcode() {\/*<script>*\/\nvar baseUrl = atob('aHR0cHM6Ly97c30udGlsZS5vcGVuc3RyZWV0bWFwLm9yZy97en0ve3h9L3t5fS5wbmc=');\nvar base = (!baseUrl && window.MQ) ?\n    window.MQ.mapLayer() : L.tileLayer(baseUrl,\n        L.Util.extend({}, {\n            detectRetina: 0,\n        },\n        {\"subdomains\":\"abc\",\"noWrap\":false,\"maxZoom\":19}        )\n    );\n    var options = L.Util.extend({}, {\n        layers: [base],\n        attributionControl: false\n    },\n    {\"zoomControl\":true,\"scrollWheelZoom\":false,\"doubleClickZoom\":false,\"fitBounds\":true,\"minZoom\":0,\"maxZoom\":19,\"maxBounds\":null,\"attribution\":\"Leaflet | \\u00a9 OpenStreetMap\"},\n    {});\nwindow.WPLeafletMapPlugin.createMap(options).setView([48.082140467506,-0.79177432883646],12);});<\/script><script>\nwindow.WPLeafletMapPlugin = window.WPLeafletMapPlugin || [];\nwindow.WPLeafletMapPlugin.push(function WPLeafletgpxShortcode() {\/*<script>*\/\nvar src = '.\/wp-content\/uploads\/2024\/03\/e9-2.gpx';\nvar default_style = {\"color\":\"#0099CC\"};\nvar rewrite_keys = {\n    stroke : 'color',\n    'stroke-width' : 'weight',\n    'stroke-opacity' : 'opacity',\n    fill : 'fillColor',\n    'fill-opacity' : 'fillOpacity',\n};\n\/\/ htmlspecialchars converts & to \"&amp;\"; maybe unnecessarily, and maybe 3x\nvar ampersandRegex = \/&(?:amp;){1,3}\/g\nvar layer = L.ajaxGeoJson(src.replace(ampersandRegex, '&'), {\n    type: 'gpx',\n    style : layerStyle,\n    onEachFeature : onEachFeature,\n    pointToLayer: pointToLayer\n});\nvar fitbounds = 0;\nvar circleMarker = 0;\nvar popup_text = window.WPLeafletMapPlugin.unescape(\"\");\nvar popup_property = \"\";\nvar group = window.WPLeafletMapPlugin.getCurrentGroup();\nvar markerOptions = window.WPLeafletMapPlugin.getIconOptions({});\nlayer.addTo( group );\nwindow.WPLeafletMapPlugin.geojsons.push( layer );\nif (fitbounds) {\n    layer.on('ready', function () {\n        this.map.fitBounds( this.getBounds() );\n    });\n}\nfunction layerStyle (feature) {\n    var props = feature.properties || {};\n    var style = {};\n    function camelFun (_, first_letter) {\n        return first_letter.toUpperCase();\n    };\n    for (var key in props) {\n        if (key.match('-')) {\n            var camelcase = key.replace(\/-(\\w)\/, camelFun);\n            style[ camelcase ] = props[ key ];\n        }\n        \/\/ rewrite style keys from geojson.io\n        if (rewrite_keys[ key ]) {\n            style[ rewrite_keys[ key ] ] = props[ key ];\n        }\n    }\n    return L.Util.extend(style, default_style);\n}\nfunction onEachFeature (feature, layer) {\n    var props = feature.properties || {};\n    var text;\n    if (0) {\n        text = window.WPLeafletMapPlugin.propsToTable(props);\n    } else {\n        text = popup_property\n            ? props[ popup_property ]\n            : window.WPLeafletMapPlugin.template(\n                popup_text, \n                feature.properties\n            );\n    }\n    if (text) {\n        layer.bindPopup( text );\n    }\n}\nfunction pointToLayer (feature, latlng) {\n    if (circleMarker) {\n        return L.circleMarker(latlng);\n    }\n    return L.marker(latlng, markerOptions);\n}});<\/script><script>\nwindow.WPLeafletMapPlugin = window.WPLeafletMapPlugin || [];\nwindow.WPLeafletMapPlugin.push(function WPLeafletMarkerShortcode() {\/*<script>*\/\nvar map = window.WPLeafletMapPlugin.getCurrentMap();\nvar group = window.WPLeafletMapPlugin.getCurrentGroup();\nvar marker_options = window.WPLeafletMapPlugin.getIconOptions({\"iconUrl\":\"http:\\\/\\\/education-medias-information.ac-nantes.fr\\\/aveloverslesjeux\\\/wp-content\\\/plugins\\\/a-velo-vers-les-jeux\\\/markers\\\/marker-icon-8.png\",\"shadowUrl\":\"http:\\\/\\\/education-medias-information.ac-nantes.fr\\\/aveloverslesjeux\\\/wp-content\\\/plugins\\\/a-velo-vers-les-jeux\\\/markers\\\/marker-shadow.png\"});\nvar marker = L.marker(\n    [48.270253697372,-0.62895380251894],\n    marker_options\n);\nvar is_image = map.is_image_map;\nif (marker_options.draggable) {\n    marker.on('dragend', function () {\n        var latlng = this.getLatLng();\n        var lat = latlng.lat;\n        var lng = latlng.lng;\n        if (is_image) {\n            console.log('leaflet-marker y=' + lat + ' x=' + lng);\n        } else {\n            console.log('leaflet-marker lat=' + lat + ' lng=' + lng);\n        }\n    });\n}\nmarker.addTo( group );\nmarker.bindPopup(window.WPLeafletMapPlugin.unescape('&lt;p class=\\&quot;map-popup-titre\\&quot;&gt;D\u00e9part&lt;\/p&gt;&lt;p class=\\&quot;map-popup-txt\\&quot;&gt;Moulay&lt;\/p&gt;'));window.WPLeafletMapPlugin.markers.push( marker );\n        });<\/script><script>\nwindow.WPLeafletMapPlugin = window.WPLeafletMapPlugin || [];\nwindow.WPLeafletMapPlugin.push(function WPLeafletMarkerShortcode() {\/*<script>*\/\nvar map = window.WPLeafletMapPlugin.getCurrentMap();\nvar group = window.WPLeafletMapPlugin.getCurrentGroup();\nvar marker_options = window.WPLeafletMapPlugin.getIconOptions({\"iconUrl\":\"http:\\\/\\\/education-medias-information.ac-nantes.fr\\\/aveloverslesjeux\\\/wp-content\\\/plugins\\\/a-velo-vers-les-jeux\\\/markers\\\/marker-icon-7.png\",\"shadowUrl\":\"http:\\\/\\\/education-medias-information.ac-nantes.fr\\\/aveloverslesjeux\\\/wp-content\\\/plugins\\\/a-velo-vers-les-jeux\\\/markers\\\/marker-shadow.png\"});\nvar marker = L.marker(\n    [48.192051,-0.659829],\n    marker_options\n);\nvar is_image = map.is_image_map;\nif (marker_options.draggable) {\n    marker.on('dragend', function () {\n        var latlng = this.getLatLng();\n        var lat = latlng.lat;\n        var lng = latlng.lng;\n        if (is_image) {\n            console.log('leaflet-marker y=' + lat + ' x=' + lng);\n        } else {\n            console.log('leaflet-marker lat=' + lat + ' lng=' + lng);\n        }\n    });\n}\nmarker.addTo( group );\nmarker.bindPopup(window.WPLeafletMapPlugin.unescape('&lt;p class=\\&quot;map-popup-titre\\&quot;&gt;Arriv\u00e9e&lt;\/p&gt;&lt;p class=\\&quot;map-popup-txt\\&quot;&gt;Martign\u00e9-sur-Mayenne&lt;\/p&gt;'));window.WPLeafletMapPlugin.markers.push( marker );\n        });<\/script>\n<div style=\"height:25px\" aria-hidden=\"true\" class=\"wp-block-spacer\"><\/div>\n<div class=\"gpx-chart-elevation\" id=\"gpx-chart-elevation-container-2\">X<\/div><script>loadXMLDoc('.\/wp-content\/uploads\/2024\/03\/e9-2.gpx','gpx-chart-elevation-container-2','D\u00e9nivel\u00e9','','','','','#80ABB6','#99CC00','#99CC00',250,50,300);<\/script><\/div>\n\n<div style=\"height:35px\" aria-hidden=\"true\" class=\"wp-block-spacer\"><\/div>\n<\/div>\n<\/div>\n\n\n\n\n<div class=\"wp-block-query liste-articles\">\n<h2 class=\"has-text-color\" style=\"color:#277183\"><span class=\"fas fa-camera\" style=\"margin-right:10px;color:rgba(1, 88, 109, 0.5);\"><\/span> Portraits de territoire<\/h2>\n<ul id=\"ul1083550151\" class=\"is-flex-container columns-2 wp-block-post-template\">\n<li>\n<h5 class=\"wp-block-post-title has-normal-font-size fixed-height-size\">Une amiti\u00e9 symbolique entre Contest et Hollenbach<\/h5>\n<a href=\"http:\/\/education-medias-information.ac-nantes.fr\/aveloverslesjeux\/?p=640\" rel=\"bookmark\"><figure class=\"alignwide wp-block-post-featured-image fig-featured-img\">\n<img width=\"768\" height=\"838\" src=\"http:\/\/education-medias-information.ac-nantes.fr\/aveloverslesjeux\/wp-content\/uploads\/2024\/04\/contest-1-768x838.jpeg\" class=\"attachment-medium_large size-medium_large wp-post-image\" alt=\"\" loading=\"lazy\" srcset=\"http:\/\/education-medias-information.ac-nantes.fr\/aveloverslesjeux\/wp-content\/uploads\/2024\/04\/contest-1-768x838.jpeg 768w, http:\/\/education-medias-information.ac-nantes.fr\/aveloverslesjeux\/wp-content\/uploads\/2024\/04\/contest-1-275x300.jpeg 275w, http:\/\/education-medias-information.ac-nantes.fr\/aveloverslesjeux\/wp-content\/uploads\/2024\/04\/contest-1-938x1024.jpeg 938w, http:\/\/education-medias-information.ac-nantes.fr\/aveloverslesjeux\/wp-content\/uploads\/2024\/04\/contest-1.jpeg 1200w\" sizes=\"(max-width: 709px) 85vw, (max-width: 909px) 67vw, (max-width: 984px) 61vw, (max-width: 1362px) 45vw, 600px\" \/><\/figure><\/a>\n<div class=\"wp-block-post-excerpt\">\n<p class=\"wp-block-post-excerpt__excerpt\" style=\"margin-top:20px;\"><em>Le village de Contest accueillera les \u00e9coles de Mayenne et alentours qui participent \u00e0 l'op\u00e9ration \u00ab \u00c0 v\u00e9lo vers les jeux \u00bb le lundi 27 mai. Dans cette petite commune de 844 habitants, vous pourrez observer diff\u00e9rents objets offerts par la ville d\u2019Hollenbach, situ\u00e9e \u00e0 1 048 km en Allemagne, jumel\u00e9e avec Contest.<\/em><\/p>\n<p class=\"wp-block-post-excerpt__more-text\"><a class=\"wp-block-post-excerpt__more-link\" href=\"http:\/\/education-medias-information.ac-nantes.fr\/aveloverslesjeux\/?p=640\">Lire la suite<\/a><\/p>\n<\/div>\n<\/li>\n<\/ul>\n<\/div>\n<div style=\"height:0px\" aria-hidden=\"true\" class=\"wp-block-spacer\"><\/div>\n\n","protected":false},"excerpt":{"rendered":"","protected":false},"author":1,"featured_media":0,"parent":0,"menu_order":0,"comment_status":"closed","ping_status":"closed","template":"page_custom-sidebar2.php","meta":{"cybocfi_hide_featured_image":""},"_links":{"self":[{"href":"http:\/\/education-medias-information.ac-nantes.fr\/aveloverslesjeux\/index.php?rest_route=\/wp\/v2\/pages\/294"}],"collection":[{"href":"http:\/\/education-medias-information.ac-nantes.fr\/aveloverslesjeux\/index.php?rest_route=\/wp\/v2\/pages"}],"about":[{"href":"http:\/\/education-medias-information.ac-nantes.fr\/aveloverslesjeux\/index.php?rest_route=\/wp\/v2\/types\/page"}],"author":[{"embeddable":true,"href":"http:\/\/education-medias-information.ac-nantes.fr\/aveloverslesjeux\/index.php?rest_route=\/wp\/v2\/users\/1"}],"replies":[{"embeddable":true,"href":"http:\/\/education-medias-information.ac-nantes.fr\/aveloverslesjeux\/index.php?rest_route=%2Fwp%2Fv2%2Fcomments&post=294"}],"version-history":[{"count":8,"href":"http:\/\/education-medias-information.ac-nantes.fr\/aveloverslesjeux\/index.php?rest_route=\/wp\/v2\/pages\/294\/revisions"}],"predecessor-version":[{"id":1368,"href":"http:\/\/education-medias-information.ac-nantes.fr\/aveloverslesjeux\/index.php?rest_route=\/wp\/v2\/pages\/294\/revisions\/1368"}],"wp:attachment":[{"href":"http:\/\/education-medias-information.ac-nantes.fr\/aveloverslesjeux\/index.php?rest_route=%2Fwp%2Fv2%2Fmedia&parent=294"}],"curies":[{"name":"wp","href":"https:\/\/api.w.org\/{rel}","templated":true}]}}