{"id":341,"date":"2024-03-26T11:53:41","date_gmt":"2024-03-26T10:53:41","guid":{"rendered":"http:\/\/education-medias-information.ac-nantes.fr\/aveloverslesjeux_dev\/?page_id=341"},"modified":"2024-05-15T12:37:54","modified_gmt":"2024-05-15T10:37:54","slug":"etape-n-23","status":"publish","type":"page","link":"http:\/\/education-medias-information.ac-nantes.fr\/aveloverslesjeux\/?page_id=341","title":{"rendered":"\u00c9tape n\u00b0 23"},"content":{"rendered":"\n<div class=\"wp-block-columns etape-infos move-up\">\n  <div class=\"wp-block-column is-vertically-aligned-center has-text-color has-background\" style=\"color:#ffffff;background-color:#01586D;flex-basis:33.33%\">\n    <h5 class=\"has-text-align-center etape-infos-date\"><span class=\"fas fa-calendar-week\" style=\"margin-right:10px;color:rgba(255,255,255,0.65);\"><\/span>21 juin 2024<\/h5>\n  <\/div>\n  <div class=\"wp-block-column has-text-color has-background\" style=\"color:#ffffff;background-color:#0099CC;flex-basis:66.66%\">\n    <h5 class=\"etape-infos-arrivee\"><span class=\"fas fa-flag-checkered\" style=\"margin-right:10px;color:rgba(255,255,255,0.65);\"><\/span>Le Genest-Saint-Isle<\/h5>\n  <\/div>\n<\/div>\n<div style=\"height:25px\" aria-hidden=\"true\" class=\"wp-block-spacer\"><\/div>\n\n\n\n\n<div class=\"wp-block-query liste-articles\">\n<h2 class=\"has-text-color\" style=\"color:#277183\"><span class=\"fas fa-microphone\" style=\"margin-right:10px;color:rgba(1, 88, 109, 0.5);\"><\/span> En direct de l\u2019\u00e9tape<\/h2>\n<ul id=\"ul1152128190\" class=\"is-flex-container columns-3 wp-block-post-template\">\n<li>\n<h5 class=\"wp-block-post-title has-normal-font-size fixed-height-size\">L&rsquo;\u00e9tape n\u00b0 23 en images<\/h5>\n<a href=\"http:\/\/education-medias-information.ac-nantes.fr\/aveloverslesjeux\/?p=2179\" rel=\"bookmark\"><figure class=\"alignwide wp-block-post-featured-image fig-featured-img\">\n<img width=\"768\" height=\"512\" src=\"http:\/\/education-medias-information.ac-nantes.fr\/aveloverslesjeux\/wp-content\/uploads\/2024\/06\/e23_0003-768x512.jpg\" class=\"attachment-medium_large size-medium_large wp-post-image\" alt=\"\" loading=\"lazy\" srcset=\"http:\/\/education-medias-information.ac-nantes.fr\/aveloverslesjeux\/wp-content\/uploads\/2024\/06\/e23_0003-768x512.jpg 768w, http:\/\/education-medias-information.ac-nantes.fr\/aveloverslesjeux\/wp-content\/uploads\/2024\/06\/e23_0003-300x200.jpg 300w, http:\/\/education-medias-information.ac-nantes.fr\/aveloverslesjeux\/wp-content\/uploads\/2024\/06\/e23_0003.jpg 1024w\" sizes=\"(max-width: 709px) 85vw, (max-width: 909px) 67vw, (max-width: 984px) 61vw, (max-width: 1362px) 45vw, 600px\" \/><\/figure><\/a>\n<div class=\"wp-block-post-excerpt\">\n<p class=\"wp-block-post-excerpt__excerpt\" style=\"margin-top:20px;\"><em>Souvenirs de l'arriv\u00e9e et des ateliers au Genest-Saint-Isle, le vendredi 21 juin 2024.<\/em><\/p>\n<p class=\"wp-block-post-excerpt__more-text\"><a class=\"wp-block-post-excerpt__more-link\" href=\"http:\/\/education-medias-information.ac-nantes.fr\/aveloverslesjeux\/?p=2179\">Lire la suite<\/a><\/p>\n<\/div>\n<\/li>\n<li>\n<h5 class=\"wp-block-post-title has-normal-font-size fixed-height-size\">En direct du Genest-Saint-Isle : danse sur la chanson \u00ab\u00a0Le Coach\u00a0\u00bb<\/h5>\n<a href=\"http:\/\/education-medias-information.ac-nantes.fr\/aveloverslesjeux\/?p=2209\" rel=\"bookmark\"><figure class=\"alignwide wp-block-post-featured-image fig-featured-img\">\n<img width=\"768\" height=\"432\" src=\"http:\/\/education-medias-information.ac-nantes.fr\/aveloverslesjeux\/wp-content\/uploads\/2024\/06\/e23_danse-768x432.jpg\" class=\"attachment-medium_large size-medium_large wp-post-image\" alt=\"\" loading=\"lazy\" srcset=\"http:\/\/education-medias-information.ac-nantes.fr\/aveloverslesjeux\/wp-content\/uploads\/2024\/06\/e23_danse-768x432.jpg 768w, http:\/\/education-medias-information.ac-nantes.fr\/aveloverslesjeux\/wp-content\/uploads\/2024\/06\/e23_danse-300x169.jpg 300w, http:\/\/education-medias-information.ac-nantes.fr\/aveloverslesjeux\/wp-content\/uploads\/2024\/06\/e23_danse.jpg 1024w\" sizes=\"(max-width: 709px) 85vw, (max-width: 909px) 67vw, (max-width: 984px) 61vw, (max-width: 1362px) 45vw, 600px\" \/><\/figure><\/a>\n<div class=\"wp-block-post-excerpt\">\n<p class=\"wp-block-post-excerpt__excerpt\" style=\"margin-top:20px;\"><em>Extrait vid\u00e9o de la danse des \u00e9l\u00e8ves du Genest-Saint-Isle sur la chanson \"Le Coach\" de Soprano lors de l'\u00e9tape n\u00b0 23 du vendredi 21 juin 2024.<\/em><\/p>\n<p class=\"wp-block-post-excerpt__more-text\"><a class=\"wp-block-post-excerpt__more-link\" href=\"http:\/\/education-medias-information.ac-nantes.fr\/aveloverslesjeux\/?p=2209\">Lire la suite<\/a><\/p>\n<\/div>\n<\/li>\n<li>\n<h5 class=\"wp-block-post-title has-normal-font-size fixed-height-size\">En direct du Genest-Saint-Isle #1<\/h5>\n<a href=\"http:\/\/education-medias-information.ac-nantes.fr\/aveloverslesjeux\/?p=2172\" rel=\"bookmark\"><figure class=\"alignwide wp-block-post-featured-image fig-featured-img\">\n<img width=\"768\" height=\"432\" src=\"http:\/\/education-medias-information.ac-nantes.fr\/aveloverslesjeux\/wp-content\/uploads\/2024\/06\/e23_phryge-768x432.jpg\" class=\"attachment-medium_large size-medium_large wp-post-image\" alt=\"\" loading=\"lazy\" srcset=\"http:\/\/education-medias-information.ac-nantes.fr\/aveloverslesjeux\/wp-content\/uploads\/2024\/06\/e23_phryge-768x432.jpg 768w, http:\/\/education-medias-information.ac-nantes.fr\/aveloverslesjeux\/wp-content\/uploads\/2024\/06\/e23_phryge-300x169.jpg 300w, http:\/\/education-medias-information.ac-nantes.fr\/aveloverslesjeux\/wp-content\/uploads\/2024\/06\/e23_phryge.jpg 1024w\" sizes=\"(max-width: 709px) 85vw, (max-width: 909px) 67vw, (max-width: 984px) 61vw, (max-width: 1362px) 45vw, 600px\" \/><\/figure><\/a>\n<div class=\"wp-block-post-excerpt\">\n<p class=\"wp-block-post-excerpt__excerpt\" style=\"margin-top:20px;\"><em>Interview d'une Phryge, c\u00e9l\u00e8bre mascotte des Jeux Olympiques de Paris 2024.<\/em><\/p>\n<p class=\"wp-block-post-excerpt__more-text\"><a class=\"wp-block-post-excerpt__more-link\" href=\"http:\/\/education-medias-information.ac-nantes.fr\/aveloverslesjeux\/?p=2172\">Lire la suite<\/a><\/p>\n<\/div>\n<\/li>\n<li class=\"hidden\">\n<h5 class=\"wp-block-post-title has-normal-font-size fixed-height-size\">En direct du Genest-Saint-Isle #2<\/h5>\n<a href=\"http:\/\/education-medias-information.ac-nantes.fr\/aveloverslesjeux\/?p=2173\" rel=\"bookmark\"><figure class=\"alignwide wp-block-post-featured-image fig-featured-img\">\n<img width=\"768\" height=\"432\" src=\"http:\/\/education-medias-information.ac-nantes.fr\/aveloverslesjeux\/wp-content\/uploads\/2024\/06\/e23_tiara-768x432.jpg\" class=\"attachment-medium_large size-medium_large wp-post-image\" alt=\"\" loading=\"lazy\" srcset=\"http:\/\/education-medias-information.ac-nantes.fr\/aveloverslesjeux\/wp-content\/uploads\/2024\/06\/e23_tiara-768x432.jpg 768w, http:\/\/education-medias-information.ac-nantes.fr\/aveloverslesjeux\/wp-content\/uploads\/2024\/06\/e23_tiara-300x169.jpg 300w, http:\/\/education-medias-information.ac-nantes.fr\/aveloverslesjeux\/wp-content\/uploads\/2024\/06\/e23_tiara.jpg 1024w\" sizes=\"(max-width: 709px) 85vw, (max-width: 909px) 67vw, (max-width: 984px) 61vw, (max-width: 1362px) 45vw, 600px\" \/><\/figure><\/a>\n<div class=\"wp-block-post-excerpt\">\n<p class=\"wp-block-post-excerpt__excerpt\" style=\"margin-top:20px;\"><em>Interview de Tiara, \u00e9l\u00e8ve de l'\u00e9cole publique Robert Tatin de Ruill\u00e9.<\/em><\/p>\n<p class=\"wp-block-post-excerpt__more-text\"><a class=\"wp-block-post-excerpt__more-link\" href=\"http:\/\/education-medias-information.ac-nantes.fr\/aveloverslesjeux\/?p=2173\">Lire la suite<\/a><\/p>\n<\/div>\n<\/li>\n<li class=\"hidden\">\n<h5 class=\"wp-block-post-title has-normal-font-size fixed-height-size\">En direct du Genest-Saint-Isle #3<\/h5>\n<a href=\"http:\/\/education-medias-information.ac-nantes.fr\/aveloverslesjeux\/?p=2170\" rel=\"bookmark\"><figure class=\"alignwide wp-block-post-featured-image fig-featured-img\">\n<img width=\"768\" height=\"432\" src=\"http:\/\/education-medias-information.ac-nantes.fr\/aveloverslesjeux\/wp-content\/uploads\/2024\/06\/e23_mme_cormier-768x432.jpg\" class=\"attachment-medium_large size-medium_large wp-post-image\" alt=\"\" loading=\"lazy\" srcset=\"http:\/\/education-medias-information.ac-nantes.fr\/aveloverslesjeux\/wp-content\/uploads\/2024\/06\/e23_mme_cormier-768x432.jpg 768w, http:\/\/education-medias-information.ac-nantes.fr\/aveloverslesjeux\/wp-content\/uploads\/2024\/06\/e23_mme_cormier-300x169.jpg 300w, http:\/\/education-medias-information.ac-nantes.fr\/aveloverslesjeux\/wp-content\/uploads\/2024\/06\/e23_mme_cormier.jpg 1024w\" sizes=\"(max-width: 709px) 85vw, (max-width: 909px) 67vw, (max-width: 984px) 61vw, (max-width: 1362px) 45vw, 600px\" \/><\/figure><\/a>\n<div class=\"wp-block-post-excerpt\">\n<p class=\"wp-block-post-excerpt__excerpt\" style=\"margin-top:20px;\"><em>Interview de Sabrina Cormier, enseignante \u00e0 l'\u00e9cole publique Robert Tatin de Ruill\u00e9.<\/em><\/p>\n<p class=\"wp-block-post-excerpt__more-text\"><a class=\"wp-block-post-excerpt__more-link\" href=\"http:\/\/education-medias-information.ac-nantes.fr\/aveloverslesjeux\/?p=2170\">Lire la suite<\/a><\/p>\n<\/div>\n<\/li>\n<li class=\"hidden\">\n<h5 class=\"wp-block-post-title has-normal-font-size fixed-height-size\">En direct du Genest-Saint-Isle #4<\/h5>\n<a href=\"http:\/\/education-medias-information.ac-nantes.fr\/aveloverslesjeux\/?p=2214\" rel=\"bookmark\"><figure class=\"alignwide wp-block-post-featured-image fig-featured-img\">\n<img width=\"768\" height=\"432\" src=\"http:\/\/education-medias-information.ac-nantes.fr\/aveloverslesjeux\/wp-content\/uploads\/2024\/06\/e23_mr_huard-768x432.jpg\" class=\"attachment-medium_large size-medium_large wp-post-image\" alt=\"\" loading=\"lazy\" srcset=\"http:\/\/education-medias-information.ac-nantes.fr\/aveloverslesjeux\/wp-content\/uploads\/2024\/06\/e23_mr_huard-768x432.jpg 768w, http:\/\/education-medias-information.ac-nantes.fr\/aveloverslesjeux\/wp-content\/uploads\/2024\/06\/e23_mr_huard-300x169.jpg 300w, http:\/\/education-medias-information.ac-nantes.fr\/aveloverslesjeux\/wp-content\/uploads\/2024\/06\/e23_mr_huard.jpg 1024w\" sizes=\"(max-width: 709px) 85vw, (max-width: 909px) 67vw, (max-width: 984px) 61vw, (max-width: 1362px) 45vw, 600px\" \/><\/figure><\/a>\n<div class=\"wp-block-post-excerpt\">\n<p class=\"wp-block-post-excerpt__excerpt\" style=\"margin-top:20px;\"><em>Interview de Fabien Huard, d\u00e9l\u00e9gu\u00e9 d\u00e9partemental de l'USEP et organisateur, DJ et grand fan de Jacques Martin.<\/em><\/p>\n<p class=\"wp-block-post-excerpt__more-text\"><a class=\"wp-block-post-excerpt__more-link\" href=\"http:\/\/education-medias-information.ac-nantes.fr\/aveloverslesjeux\/?p=2214\">Lire la suite<\/a><\/p>\n<\/div>\n<\/li>\n<\/ul>\n<\/div>\n<div class=\"div-btn-articles\"><button id=\"btn1152128190\" type=\"button\" placeholder=\"Plus d'articles (%step%\/%all%)\" nbposts=\"3\" onclick=\"avvlj_loop_show_more('btn1152128190','ul1152128190')\">Plus d'articles (3\/6)<\/button><\/div>\n<div style=\"height:0px\" aria-hidden=\"true\" class=\"wp-block-spacer\"><\/div>\n\n\n\n\n<div class=\"wp-block-columns\">\n<div class=\"wp-block-column\">\n<h2 class=\"has-text-color\" style=\"color:#0099CC;\">\n<span class=\"fas fa-bookmark\" style=\"margin-right:13px;color:rgba(1, 88, 109, 0.5);\"><\/span>Ruill\u00e9-le-Gravelais &gt; Le Genest-Saint-Isle\n<\/h2>\n<figure class=\"wp-block-table etape-ecole-infos is-style-regular\">\n<table class=\"has-fixed-layout\">\n<thead>\n<tr>\n<th class=\"has-text-align-left\" data-align=\"left\"><strong>Nb \u00e9l\u00e8ves<\/strong><\/th>\n<th class=\"has-text-align-left\" data-align=\"left\"><strong>Distance<\/strong><\/th>\n<th class=\"has-text-align-left\" data-align=\"left\">Dur\u00e9e indicative<\/th>\n<th class=\"has-text-align-left\" data-align=\"left\" style=\"background-color:rgba(0, 153, 204, 0.1);\">D\u00e9nivel\u00e9 + \/ &#8211;<\/th>\n<\/tr>\n<\/thead>\n<tbody>\n<tr>\n<td class=\"has-text-align-left\" data-align=\"left\">28<\/td>\n<td class=\"has-text-align-left\" data-align=\"left\">9.3 km<\/td>\n<td class=\"has-text-align-left\" data-align=\"left\">1 h 00<\/td>\n<td class=\"has-text-align-left\" data-align=\"left\" style=\"background-color:rgba(0, 153, 204, 0.05);\">56 m \/ 91 m<\/td>\n<\/tr>\n<\/tbody>\n<\/table>\n<\/figure>\n<div class=\"wrapper-folder\"><div id=\"btn_168728561\" class=\"btn-folder\" onclick=\"avvlj_course_map_show('btn_168728561','div_168728561')\" style=\"color:#80ABB6;\">Replier&nbsp;&nbsp;<span class=\"fas fa-chevron-up\"><\/span>&nbsp;<\/div><\/div>\n<div id=\"div_168728561\">\n<div class=\"leaflet-map WPLeafletMap\" style=\"height:300px; width:100%;\"><\/div><script>\nwindow.WPLeafletMapPlugin = window.WPLeafletMapPlugin || [];\nwindow.WPLeafletMapPlugin.push(function WPLeafletMapShortcode() {\/*<script>*\/\nvar baseUrl = atob('aHR0cHM6Ly97c30udGlsZS5vcGVuc3RyZWV0bWFwLm9yZy97en0ve3h9L3t5fS5wbmc=');\nvar base = (!baseUrl && window.MQ) ?\n    window.MQ.mapLayer() : L.tileLayer(baseUrl,\n        L.Util.extend({}, {\n            detectRetina: 0,\n        },\n        {\"subdomains\":\"abc\",\"noWrap\":false,\"maxZoom\":19}        )\n    );\n    var options = L.Util.extend({}, {\n        layers: [base],\n        attributionControl: false\n    },\n    {\"zoomControl\":true,\"scrollWheelZoom\":false,\"doubleClickZoom\":false,\"fitBounds\":true,\"minZoom\":0,\"maxZoom\":19,\"maxBounds\":null,\"attribution\":\"Leaflet | \\u00a9 OpenStreetMap\"},\n    {});\nwindow.WPLeafletMapPlugin.createMap(options).setView([48.082140467506,-0.79177432883646],12);});<\/script><script>\nwindow.WPLeafletMapPlugin = window.WPLeafletMapPlugin || [];\nwindow.WPLeafletMapPlugin.push(function WPLeafletgpxShortcode() {\/*<script>*\/\nvar src = '.\/wp-content\/uploads\/2024\/03\/e23-1.gpx';\nvar default_style = {\"color\":\"#0099CC\"};\nvar rewrite_keys = {\n    stroke : 'color',\n    'stroke-width' : 'weight',\n    'stroke-opacity' : 'opacity',\n    fill : 'fillColor',\n    'fill-opacity' : 'fillOpacity',\n};\n\/\/ htmlspecialchars converts & to \"&amp;\"; maybe unnecessarily, and maybe 3x\nvar ampersandRegex = \/&(?:amp;){1,3}\/g\nvar layer = L.ajaxGeoJson(src.replace(ampersandRegex, '&'), {\n    type: 'gpx',\n    style : layerStyle,\n    onEachFeature : onEachFeature,\n    pointToLayer: pointToLayer\n});\nvar fitbounds = 0;\nvar circleMarker = 0;\nvar popup_text = window.WPLeafletMapPlugin.unescape(\"\");\nvar popup_property = \"\";\nvar group = window.WPLeafletMapPlugin.getCurrentGroup();\nvar markerOptions = window.WPLeafletMapPlugin.getIconOptions({});\nlayer.addTo( group );\nwindow.WPLeafletMapPlugin.geojsons.push( layer );\nif (fitbounds) {\n    layer.on('ready', function () {\n        this.map.fitBounds( this.getBounds() );\n    });\n}\nfunction layerStyle (feature) {\n    var props = feature.properties || {};\n    var style = {};\n    function camelFun (_, first_letter) {\n        return first_letter.toUpperCase();\n    };\n    for (var key in props) {\n        if (key.match('-')) {\n            var camelcase = key.replace(\/-(\\w)\/, camelFun);\n            style[ camelcase ] = props[ key ];\n        }\n        \/\/ rewrite style keys from geojson.io\n        if (rewrite_keys[ key ]) {\n            style[ rewrite_keys[ key ] ] = props[ key ];\n        }\n    }\n    return L.Util.extend(style, default_style);\n}\nfunction onEachFeature (feature, layer) {\n    var props = feature.properties || {};\n    var text;\n    if (0) {\n        text = window.WPLeafletMapPlugin.propsToTable(props);\n    } else {\n        text = popup_property\n            ? props[ popup_property ]\n            : window.WPLeafletMapPlugin.template(\n                popup_text, \n                feature.properties\n            );\n    }\n    if (text) {\n        layer.bindPopup( text );\n    }\n}\nfunction pointToLayer (feature, latlng) {\n    if (circleMarker) {\n        return L.circleMarker(latlng);\n    }\n    return L.marker(latlng, markerOptions);\n}});<\/script><script>\nwindow.WPLeafletMapPlugin = window.WPLeafletMapPlugin || [];\nwindow.WPLeafletMapPlugin.push(function WPLeafletMarkerShortcode() {\/*<script>*\/\nvar map = window.WPLeafletMapPlugin.getCurrentMap();\nvar group = window.WPLeafletMapPlugin.getCurrentGroup();\nvar marker_options = window.WPLeafletMapPlugin.getIconOptions({\"iconUrl\":\"http:\\\/\\\/education-medias-information.ac-nantes.fr\\\/aveloverslesjeux\\\/wp-content\\\/plugins\\\/a-velo-vers-les-jeux\\\/markers\\\/marker-icon-8.png\",\"shadowUrl\":\"http:\\\/\\\/education-medias-information.ac-nantes.fr\\\/aveloverslesjeux\\\/wp-content\\\/plugins\\\/a-velo-vers-les-jeux\\\/markers\\\/marker-shadow.png\"});\nvar marker = L.marker(\n    [48.05648,-0.9543],\n    marker_options\n);\nvar is_image = map.is_image_map;\nif (marker_options.draggable) {\n    marker.on('dragend', function () {\n        var latlng = this.getLatLng();\n        var lat = latlng.lat;\n        var lng = latlng.lng;\n        if (is_image) {\n            console.log('leaflet-marker y=' + lat + ' x=' + lng);\n        } else {\n            console.log('leaflet-marker lat=' + lat + ' lng=' + lng);\n        }\n    });\n}\nmarker.addTo( group );\nmarker.bindPopup(window.WPLeafletMapPlugin.unescape('&lt;p class=\\&quot;map-popup-titre\\&quot;&gt;D\u00e9part&lt;\/p&gt;&lt;p class=\\&quot;map-popup-txt\\&quot;&gt;Ruill\u00e9-le-Gravelais&lt;\/p&gt;'));window.WPLeafletMapPlugin.markers.push( marker );\n        });<\/script><script>\nwindow.WPLeafletMapPlugin = window.WPLeafletMapPlugin || [];\nwindow.WPLeafletMapPlugin.push(function WPLeafletMarkerShortcode() {\/*<script>*\/\nvar map = window.WPLeafletMapPlugin.getCurrentMap();\nvar group = window.WPLeafletMapPlugin.getCurrentGroup();\nvar marker_options = window.WPLeafletMapPlugin.getIconOptions({\"iconUrl\":\"http:\\\/\\\/education-medias-information.ac-nantes.fr\\\/aveloverslesjeux\\\/wp-content\\\/plugins\\\/a-velo-vers-les-jeux\\\/markers\\\/marker-icon-7.png\",\"shadowUrl\":\"http:\\\/\\\/education-medias-information.ac-nantes.fr\\\/aveloverslesjeux\\\/wp-content\\\/plugins\\\/a-velo-vers-les-jeux\\\/markers\\\/marker-shadow.png\"});\nvar marker = L.marker(\n    [48.100819,-0.888735],\n    marker_options\n);\nvar is_image = map.is_image_map;\nif (marker_options.draggable) {\n    marker.on('dragend', function () {\n        var latlng = this.getLatLng();\n        var lat = latlng.lat;\n        var lng = latlng.lng;\n        if (is_image) {\n            console.log('leaflet-marker y=' + lat + ' x=' + lng);\n        } else {\n            console.log('leaflet-marker lat=' + lat + ' lng=' + lng);\n        }\n    });\n}\nmarker.addTo( group );\nmarker.bindPopup(window.WPLeafletMapPlugin.unescape('&lt;p class=\\&quot;map-popup-titre\\&quot;&gt;Arriv\u00e9e&lt;\/p&gt;&lt;p class=\\&quot;map-popup-txt\\&quot;&gt;Le Genest-Saint-Isle&lt;\/p&gt;'));window.WPLeafletMapPlugin.markers.push( marker );\n        });<\/script>\n<div style=\"height:25px\" aria-hidden=\"true\" class=\"wp-block-spacer\"><\/div>\n<div class=\"gpx-chart-elevation\" id=\"gpx-chart-elevation-container-1\">X<\/div><script>loadXMLDoc('.\/wp-content\/uploads\/2024\/03\/e23-1.gpx','gpx-chart-elevation-container-1','D\u00e9nivel\u00e9','','','','','#80ABB6','#99CC00','#99CC00',250,50,300);<\/script><\/div>\n\n<div style=\"height:35px\" aria-hidden=\"true\" class=\"wp-block-spacer\"><\/div>\n<\/div>\n<\/div>\n\n\n\n\n<div class=\"wp-block-query liste-articles\">\n<h2 class=\"has-text-color\" style=\"color:#277183\"><span class=\"fas fa-camera\" style=\"margin-right:10px;color:rgba(1, 88, 109, 0.5);\"><\/span> Portraits de territoire<\/h2>\n<ul id=\"ul1415149857\" class=\"is-flex-container columns-2 wp-block-post-template\">\n<li>\n<h5 class=\"wp-block-post-title has-normal-font-size fixed-height-size\">Ruill\u00e9-Froid-Fonds, en selle jusqu\u2019au Bignon-du-Maine !<\/h5>\n<a href=\"http:\/\/education-medias-information.ac-nantes.fr\/aveloverslesjeux\/?p=699\" rel=\"bookmark\"><figure class=\"alignwide wp-block-post-featured-image fig-featured-img\">\n<img width=\"519\" height=\"389\" src=\"http:\/\/education-medias-information.ac-nantes.fr\/aveloverslesjeux\/wp-content\/uploads\/2024\/04\/ruille-2.jpeg\" class=\"attachment-medium_large size-medium_large wp-post-image\" alt=\"\" loading=\"lazy\" srcset=\"http:\/\/education-medias-information.ac-nantes.fr\/aveloverslesjeux\/wp-content\/uploads\/2024\/04\/ruille-2.jpeg 519w, http:\/\/education-medias-information.ac-nantes.fr\/aveloverslesjeux\/wp-content\/uploads\/2024\/04\/ruille-2-300x225.jpeg 300w\" sizes=\"(max-width: 519px) 85vw, 519px\" \/><\/figure><\/a>\n<div class=\"wp-block-post-excerpt\">\n<p class=\"wp-block-post-excerpt__excerpt\" style=\"margin-top:20px;\"><em>Le mardi 4 juin, les \u00e9l\u00e8ves de CM1-CM2 de l\u2019\u00e9cole de Ruill\u00e9-Froid-Fonds se rendront \u00e0 v\u00e9lo au Bignon-du-Maine pour participer au projet \u00ab \u00c0 v\u00e9lo vers les Jeux \u00bb.<\/em><\/p>\n<p class=\"wp-block-post-excerpt__more-text\"><a class=\"wp-block-post-excerpt__more-link\" href=\"http:\/\/education-medias-information.ac-nantes.fr\/aveloverslesjeux\/?p=699\">Lire la suite<\/a><\/p>\n<\/div>\n<\/li>\n<\/ul>\n<\/div>\n<div style=\"height:0px\" aria-hidden=\"true\" class=\"wp-block-spacer\"><\/div>\n\n","protected":false},"excerpt":{"rendered":"","protected":false},"author":1,"featured_media":0,"parent":0,"menu_order":0,"comment_status":"closed","ping_status":"closed","template":"page_custom-sidebar2.php","meta":{"cybocfi_hide_featured_image":""},"_links":{"self":[{"href":"http:\/\/education-medias-information.ac-nantes.fr\/aveloverslesjeux\/index.php?rest_route=\/wp\/v2\/pages\/341"}],"collection":[{"href":"http:\/\/education-medias-information.ac-nantes.fr\/aveloverslesjeux\/index.php?rest_route=\/wp\/v2\/pages"}],"about":[{"href":"http:\/\/education-medias-information.ac-nantes.fr\/aveloverslesjeux\/index.php?rest_route=\/wp\/v2\/types\/page"}],"author":[{"embeddable":true,"href":"http:\/\/education-medias-information.ac-nantes.fr\/aveloverslesjeux\/index.php?rest_route=\/wp\/v2\/users\/1"}],"replies":[{"embeddable":true,"href":"http:\/\/education-medias-information.ac-nantes.fr\/aveloverslesjeux\/index.php?rest_route=%2Fwp%2Fv2%2Fcomments&post=341"}],"version-history":[{"count":7,"href":"http:\/\/education-medias-information.ac-nantes.fr\/aveloverslesjeux\/index.php?rest_route=\/wp\/v2\/pages\/341\/revisions"}],"predecessor-version":[{"id":1382,"href":"http:\/\/education-medias-information.ac-nantes.fr\/aveloverslesjeux\/index.php?rest_route=\/wp\/v2\/pages\/341\/revisions\/1382"}],"wp:attachment":[{"href":"http:\/\/education-medias-information.ac-nantes.fr\/aveloverslesjeux\/index.php?rest_route=%2Fwp%2Fv2%2Fmedia&parent=341"}],"curies":[{"name":"wp","href":"https:\/\/api.w.org\/{rel}","templated":true}]}}